{"id":3,"date":"2025-03-24T16:33:43","date_gmt":"2025-03-24T15:33:43","guid":{"rendered":"https:\/\/www.am-creation.com\/?page_id=3"},"modified":"2025-05-23T11:30:02","modified_gmt":"2025-05-23T09:30:02","slug":"politique-de-confidentialite","status":"publish","type":"page","link":"https:\/\/www.am-creation.com\/en\/politique-de-confidentialite\/","title":{"rendered":"Privacy Policy"},"content":{"rendered":"<div data-elementor-type=\"wp-page\" data-elementor-id=\"3\" class=\"elementor elementor-3\">\n\t\t\t\t<div class=\"elementor-element elementor-element-74b3bcbe e-flex e-con-boxed qodef-elementor-content-no e-con e-parent\" data-id=\"74b3bcbe\" data-element_type=\"container\">\n\t\t\t\t\t<div class=\"e-con-inner\">\n\t\t\t\t<div class=\"elementor-element elementor-element-503a9730 elementor-widget elementor-widget-text-editor\" data-id=\"503a9730\" data-element_type=\"widget\" data-widget_type=\"text-editor.default\">\n\t\t\t\t<div class=\"elementor-widget-container\"><h2 class=\"wp-block-heading\">Use of Cookies<\/h2><p>We use cookies to enhance your browsing experience and provide personalised services.\nBy continuing to browse our website, you agree to the use of cookies.<br \/>En continuant \u00e0 naviguer sur notre site web, vous acceptez l\u2019utilisation des cookies.<\/p><h3 class=\"wp-block-heading\">What is a cookie?<\/h3><p>A cookie is a small text file stored on your device when you visit a website.\nThese cookies ensure the proper functioning of the site, help analyse its usage, and optimise your user experience.<\/p><h3 class=\"wp-block-heading\">How do we use cookies?<\/h3><p>We use cookies to:<\/p><ul class=\"wp-block-list\"><li>Remember your preferences and settings<\/li><li>Understand how you use our website<\/li><li>Analyse and improve our services<\/li><li>Provide personalised advertising content<\/li><\/ul><p>You can manage or disable cookies through your browser settings. However, disabling cookies may impact certain functionalities of the site.<\/p><hr class=\"wp-block-separator has-alpha-channel-opacity\" \/><h2 class=\"wp-block-heading\">Privacy Protection<\/h2><p class=\"translation-block\">A&amp;M Cr\u00e9ation respects your privacy and is committed to protecting it.\nThis policy explains how we collect, use and safeguard your personal data.<\/p><h3 class=\"wp-block-heading\">What information do we collect?<\/h3><p>We collect personal information when you:<\/p><ul class=\"wp-block-list\"><li>Create an account on our website<\/li><li>Place an order<\/li><li>Contact us via email or through our contact form<\/li><\/ul><p>The information collected may include your name, email address, postal address and phone number.<\/p><h3 class=\"wp-block-heading\">How do we use your information?<\/h3><p>We use your data to:<\/p><ul class=\"wp-block-list\"><li>Process and ship your orders<\/li><li>Send you information about our products, services, and promotions<\/li><li>Improve our website and services<\/li><li>Contact you regarding issues related to your order<\/li><\/ul><h3 class=\"wp-block-heading\">How do we protect your information?<\/h3><p>We implement appropriate technical and organisational measures to secure your data against unauthorised access, loss, or misuse.<\/p><hr class=\"wp-block-separator has-alpha-channel-opacity\" \/><h2 class=\"wp-block-heading\">Sharing your information<\/h2><p class=\"translation-block\">We do not share your personal information with third parties, except where necessary to:<\/p><ul class=\"wp-block-list\"><li>Comply with a legal obligation<\/li><li>Ensure the processing and delivery of your order<\/li><\/ul><hr class=\"wp-block-separator has-alpha-channel-opacity\" \/><h2 class=\"wp-block-heading\">Managing Your Personal Data<\/h2><p>You may, at any time:<\/p><ul class=\"wp-block-list\"><li>Access your personal data<\/li><li>Update your information<\/li><li>Request its deletion<\/li><\/ul><p>To exercise these rights, please contact us at: <strong><a href=\"mailto:info@am-creation.com\">info@am-creation.com<\/a><\/strong>.<br \/>You may also unsubscribe from our marketing communications by following the link included in our emails.<\/p><hr class=\"wp-block-separator has-alpha-channel-opacity\" \/><h2 class=\"wp-block-heading\">Changes to the Privacy Policy<\/h2><p class=\"translation-block\">Any changes to this policy will be published directly on our website.\nWe encourage you to check this page regularly to stay informed about our privacy practices.<\/p><\/div>\n\t\t\t\t<\/div>\n\t\t\t\t\t<\/div>\n\t\t\t\t<\/div>\t\t<\/div>","protected":false},"excerpt":{"rendered":"<p>Utilisation des cookies Nous utilisons des cookies pour am\u00e9liorer votre exp\u00e9rience de navigation et vous offrir des services personnalis\u00e9s.En continuant \u00e0 naviguer sur notre site web, vous acceptez l\u2019utilisation des cookies. Qu\u2019est-ce qu\u2019un cookie ? Un cookie est un petit fichier texte qui est d\u00e9pos\u00e9 sur votre appareil lorsque vous visitez un site web. Ces [&hellip;]<\/p>","protected":false},"author":2,"featured_media":0,"parent":0,"menu_order":0,"comment_status":"closed","ping_status":"closed","template":"","meta":{"footnotes":""},"class_list":["post-3","page","type-page","status-publish","hentry"],"_links":{"self":[{"href":"https:\/\/www.am-creation.com\/en\/wp-json\/wp\/v2\/pages\/3","targetHints":{"allow":["GET"]}}],"collection":[{"href":"https:\/\/www.am-creation.com\/en\/wp-json\/wp\/v2\/pages"}],"about":[{"href":"https:\/\/www.am-creation.com\/en\/wp-json\/wp\/v2\/types\/page"}],"author":[{"embeddable":true,"href":"https:\/\/www.am-creation.com\/en\/wp-json\/wp\/v2\/users\/2"}],"replies":[{"embeddable":true,"href":"https:\/\/www.am-creation.com\/en\/wp-json\/wp\/v2\/comments?post=3"}],"version-history":[{"count":0,"href":"https:\/\/www.am-creation.com\/en\/wp-json\/wp\/v2\/pages\/3\/revisions"}],"wp:attachment":[{"href":"https:\/\/www.am-creation.com\/en\/wp-json\/wp\/v2\/media?parent=3"}],"curies":[{"name":"wp","href":"https:\/\/api.w.org\/{rel}","templated":true}]}}