{"id":7369,"date":"2025-03-28T18:11:26","date_gmt":"2025-03-28T17:11:26","guid":{"rendered":"https:\/\/www.am-creation.com\/?page_id=7369"},"modified":"2025-05-18T20:07:25","modified_gmt":"2025-05-18T18:07:25","slug":"latelier","status":"publish","type":"page","link":"https:\/\/www.am-creation.com\/en\/latelier\/","title":{"rendered":"L&rsquo;atelier"},"content":{"rendered":"<div data-elementor-type=\"wp-page\" data-elementor-id=\"7369\" class=\"elementor elementor-7369\">\n\t\t\t\t\t\t<section class=\"elementor-section elementor-top-section elementor-element elementor-element-622518c elementor-section-full_width qodef-elementor-content-grid elementor-section-height-default elementor-section-height-default qodef-elementor-overlay-no\" data-id=\"622518c\" data-element_type=\"section\" data-settings=\"{&quot;background_background&quot;:&quot;classic&quot;}\">\n\t\t\t\t\t\t<div class=\"elementor-container elementor-column-gap-default\">\n\t\t\t\t\t<div class=\"elementor-column elementor-col-50 elementor-top-column elementor-element elementor-element-14c0491d\" data-id=\"14c0491d\" data-element_type=\"column\">\n\t\t\t<div class=\"elementor-widget-wrap elementor-element-populated\">\n\t\t\t\t\t\t<div class=\"elementor-element elementor-element-e4d0942 elementor-widget elementor-widget-tobel_core_section_title\" data-id=\"e4d0942\" data-element_type=\"widget\" data-widget_type=\"tobel_core_section_title.default\">\n\t\t\t\t<div class=\"elementor-widget-container\">\n\t\t\t\t\t<div class=\"qodef-shortcode qodef-m  qodef-section-title qodef-alignment--left\">\n\t\t<p class=\"qodef-m-subtitle\" style=\"margin-bottom: -7px;font-size: 50px\">\n\t\tIn a Few Words\t<\/p>\n\t\t<h3 class=\"qodef-m-title\" >\n\t\t\t\t\tThe Workshop\t\t\t<\/h3>\n\t\t<p class=\"qodef-m-text\" style=\"margin-top: 24px\">Simplicity, balance and purity of form are the pillars of our approach.<\/p>\n<\/div>\n\t\t\t\t<\/div>\n\t\t\t\t<\/div>\n\t\t\t\t<div class=\"elementor-element elementor-element-57015cbb elementor-widget elementor-widget-text-editor\" data-id=\"57015cbb\" data-element_type=\"widget\" data-widget_type=\"text-editor.default\">\n\t\t\t\t<div class=\"elementor-widget-container\">\n\t\t\t\t\t\t\t\t\t<p class=\"\" data-start=\"214\" data-end=\"427\">At A&amp;M Cr\u00e9ation, we envision a modular and accessible design, without compromising on quality or environmental responsibility.<\/p>\n<p class=\"\" data-start=\"429\" data-end=\"622\">Attentive to our clients and trends, our workshop evolves with creativity, nurturing a clean and harmonious aesthetic, shaped to integrate naturally into any interior.<\/p>\t\t\t\t\t\t\t\t<\/div>\n\t\t\t\t<\/div>\n\t\t\t\t\t<\/div>\n\t\t<\/div>\n\t\t\t\t<div class=\"elementor-column elementor-col-50 elementor-top-column elementor-element elementor-element-6b660bc6\" data-id=\"6b660bc6\" data-element_type=\"column\">\n\t\t\t<div class=\"elementor-widget-wrap elementor-element-populated\">\n\t\t\t\t\t\t<div class=\"elementor-element elementor-element-19f8e96a elementor-widget elementor-widget-text-editor\" data-id=\"19f8e96a\" data-element_type=\"widget\" data-widget_type=\"text-editor.default\">\n\t\t\t\t<div class=\"elementor-widget-container\">\n\t\t\t\t\t\t\t\t\t<h4>Exhibitions<\/h4>\t\t\t\t\t\t\t\t<\/div>\n\t\t\t\t<\/div>\n\t\t\t\t<div class=\"elementor-element elementor-element-303e037a elementor-widget elementor-widget-text-editor\" data-id=\"303e037a\" data-element_type=\"widget\" data-widget_type=\"text-editor.default\">\n\t\t\t\t<div class=\"elementor-widget-container\">\n\t\t\t\t\t\t\t\t\t<p>&#8211; Salone del Mobile, Milan 2024<\/p>\t\t\t\t\t\t\t\t<\/div>\n\t\t\t\t<\/div>\n\t\t\t\t<div class=\"elementor-element elementor-element-4bd69604 elementor-widget elementor-widget-text-editor\" data-id=\"4bd69604\" data-element_type=\"widget\" data-widget_type=\"text-editor.default\">\n\t\t\t\t<div class=\"elementor-widget-container\">\n\t\t\t\t\t\t\t\t\t<p>&#8211; Maison &amp; Objet, Paris 2023<\/p>\t\t\t\t\t\t\t\t<\/div>\n\t\t\t\t<\/div>\n\t\t\t\t<div class=\"elementor-element elementor-element-15fa9097 elementor-widget elementor-widget-text-editor\" data-id=\"15fa9097\" data-element_type=\"widget\" data-widget_type=\"text-editor.default\">\n\t\t\t\t<div class=\"elementor-widget-container\">\n\t\t\t\t\t\t\t\t\t<p>&#8211; Dutch Design Week, Eindhoven 2021<\/p>\t\t\t\t\t\t\t\t<\/div>\n\t\t\t\t<\/div>\n\t\t\t\t<div class=\"elementor-element elementor-element-1d084894 elementor-widget elementor-widget-text-editor\" data-id=\"1d084894\" data-element_type=\"widget\" data-widget_type=\"text-editor.default\">\n\t\t\t\t<div class=\"elementor-widget-container\">\n\t\t\t\t\t\t\t\t\t<p>&#8211; Decorex International, Londres 2019<\/p>\t\t\t\t\t\t\t\t<\/div>\n\t\t\t\t<\/div>\n\t\t\t\t<div class=\"elementor-element elementor-element-f1f531 elementor-widget elementor-widget-text-editor\" data-id=\"f1f531\" data-element_type=\"widget\" data-widget_type=\"text-editor.default\">\n\t\t\t\t<div class=\"elementor-widget-container\">\n\t\t\t\t\t\t\t\t\t<p>&#8211; Stockholm Design Week 2018<\/p>\t\t\t\t\t\t\t\t<\/div>\n\t\t\t\t<\/div>\n\t\t\t\t\t<\/div>\n\t\t<\/div>\n\t\t\t\t\t<\/div>\n\t\t<\/section>\n\t\t\t\t<section class=\"elementor-section elementor-top-section elementor-element elementor-element-bd66291 elementor-section-full_width qodef-elementor-content-grid qodef-extended-grid qodef-extended-grid--right qodef-extended-grid-disabled--680 elementor-section-height-default elementor-section-height-default qodef-elementor-overlay-no\" data-id=\"bd66291\" data-element_type=\"section\" data-settings=\"{&quot;background_background&quot;:&quot;classic&quot;}\">\n\t\t\t\t\t\t<div class=\"elementor-container elementor-column-gap-default\">\n\t\t\t\t\t<div class=\"elementor-column elementor-col-100 elementor-top-column elementor-element elementor-element-7f1e8ef\" data-id=\"7f1e8ef\" data-element_type=\"column\">\n\t\t\t<div class=\"elementor-widget-wrap elementor-element-populated\">\n\t\t\t\t\t\t<div class=\"elementor-element elementor-element-bd407cd elementor-widget elementor-widget-tobel_core_section_title\" data-id=\"bd407cd\" data-element_type=\"widget\" data-widget_type=\"tobel_core_section_title.default\">\n\t\t\t\t<div class=\"elementor-widget-container\">\n\t\t\t\t\t<div class=\"qodef-shortcode qodef-m  qodef-section-title qodef-alignment--left qodef-title-break--disabled\">\n\t\t<p class=\"qodef-m-subtitle\" style=\"margin-bottom: -5px;font-size: 50px\">\n\t\tThe Team\t<\/p>\n\t\t<h3 class=\"qodef-m-title translation-block\" >Being part of<br> the A&amp;M Creation team is a privilege.<\/h3>\n\t<\/div>\n\t\t\t\t<\/div>\n\t\t\t\t<\/div>\n\t\t\t\t<div class=\"elementor-element elementor-element-b92ed6f elementor-widget elementor-widget-tobel_core_team_list\" data-id=\"b92ed6f\" data-element_type=\"widget\" data-widget_type=\"tobel_core_team_list.default\">\n\t\t\t\t<div class=\"elementor-widget-container\">\n\t\t\t\t\t<div class=\"qodef-shortcode qodef-m  qodef-team-list qodef-item-layout--info-below qodef-grid qodef-swiper-container  qodef-gutter--large qodef-col-num--4  qodef-item-layout--info-below qodef--no-bottom-space qodef-pagination--off qodef-responsive--predefined\" data-options=\"{&quot;effect&quot;:&quot;&quot;,&quot;sliderScroll&quot;:false,&quot;slidesPerGroup&quot;:&quot;&quot;,&quot;centeredSlides&quot;:false,&quot;slidesPerView&quot;:&quot;4&quot;,&quot;spaceBetween&quot;:50,&quot;loop&quot;:true,&quot;autoplay&quot;:true,&quot;speed&quot;:&quot;&quot;,&quot;speedAnimation&quot;:&quot;&quot;}\">\n\t<div class=\"swiper-wrapper\">\n\t\t<div class=\"qodef-e swiper-slide  post-1571 team type-team status-publish has-post-thumbnail hentry team-category-office\">\n\t<div class=\"qodef-e-inner\">\n\t\t<div class=\"qodef-e-image\">\n\t\t\t\t<div class=\"qodef-e-media-image\">\n\t\t\t\t\t<img fetchpriority=\"high\" decoding=\"async\" width=\"800\" height=\"898\" src=\"https:\/\/www.am-creation.com\/wp-content\/uploads\/2021\/04\/JP-owner.jpg\" class=\"attachment-full size-full wp-post-image\" alt=\"\" srcset=\"https:\/\/www.am-creation.com\/wp-content\/uploads\/2021\/04\/JP-owner.jpg 800w, https:\/\/www.am-creation.com\/wp-content\/uploads\/2021\/04\/JP-owner-267x300.jpg 267w, https:\/\/www.am-creation.com\/wp-content\/uploads\/2021\/04\/JP-owner-768x862.jpg 768w, https:\/\/www.am-creation.com\/wp-content\/uploads\/2021\/04\/JP-owner-600x674.jpg 600w\" sizes=\"(max-width: 800px) 100vw, 800px\" \/>\t\t\t<\/div>\n\t\t\t\t<div class=\"qodef-team-member-social-icons\">\n\t\t\t\t\t<\/div>\n\t\t<\/div>\n\t\t<div class=\"qodef-e-content\" style=\"margin-top:29px\">\n\t\t\t<h4 itemprop=\"name\" class=\"qodef-e-title entry-title\" >\n\t\t\tJean-Pierre Pirson\t<\/h4>\n\t\t\t\t<p class=\"qodef-e-role\">Owner & Interior Designer<\/p>\n\t\t\t\t\t<\/div>\n\t<\/div>\n<\/div>\n<div class=\"qodef-e swiper-slide  post-1588 team type-team status-publish has-post-thumbnail hentry team-category-office\">\n\t<div class=\"qodef-e-inner\">\n\t\t<div class=\"qodef-e-image\">\n\t\t\t\t<div class=\"qodef-e-media-image\">\n\t\t\t\t\t<img decoding=\"async\" width=\"800\" height=\"898\" src=\"https:\/\/www.am-creation.com\/wp-content\/uploads\/2021\/04\/Home-3-team-img-2.jpg\" class=\"attachment-full size-full wp-post-image\" alt=\"a\" srcset=\"https:\/\/www.am-creation.com\/wp-content\/uploads\/2021\/04\/Home-3-team-img-2.jpg 800w, https:\/\/www.am-creation.com\/wp-content\/uploads\/2021\/04\/Home-3-team-img-2-267x300.jpg 267w, https:\/\/www.am-creation.com\/wp-content\/uploads\/2021\/04\/Home-3-team-img-2-768x862.jpg 768w, https:\/\/www.am-creation.com\/wp-content\/uploads\/2021\/04\/Home-3-team-img-2-600x674.jpg 600w\" sizes=\"(max-width: 800px) 100vw, 800px\" \/>\t\t\t<\/div>\n\t\t\t\t<div class=\"qodef-team-member-social-icons\">\n\t\t\t\t\t\t\t\t\t\t\t<\/div>\n\t\t<\/div>\n\t\t<div class=\"qodef-e-content\" style=\"margin-top:29px\">\n\t\t\t<h4 itemprop=\"name\" class=\"qodef-e-title entry-title\" >\n\t\t\tGary Smets\t<\/h4>\n\t\t\t\t<p class=\"qodef-e-role\">Designer<\/p>\n\t\t\t\t\t<\/div>\n\t<\/div>\n<\/div>\n<div class=\"qodef-e swiper-slide  post-1593 team type-team status-publish has-post-thumbnail hentry team-category-office\">\n\t<div class=\"qodef-e-inner\">\n\t\t<div class=\"qodef-e-image\">\n\t\t\t\t<div class=\"qodef-e-media-image\">\n\t\t\t\t\t<img decoding=\"async\" width=\"800\" height=\"898\" src=\"https:\/\/www.am-creation.com\/wp-content\/uploads\/2021\/04\/Home-3-team-img-3.jpg\" class=\"attachment-full size-full wp-post-image\" alt=\"a\" srcset=\"https:\/\/www.am-creation.com\/wp-content\/uploads\/2021\/04\/Home-3-team-img-3.jpg 800w, https:\/\/www.am-creation.com\/wp-content\/uploads\/2021\/04\/Home-3-team-img-3-267x300.jpg 267w, https:\/\/www.am-creation.com\/wp-content\/uploads\/2021\/04\/Home-3-team-img-3-768x862.jpg 768w, https:\/\/www.am-creation.com\/wp-content\/uploads\/2021\/04\/Home-3-team-img-3-600x674.jpg 600w\" sizes=\"(max-width: 800px) 100vw, 800px\" \/>\t\t\t<\/div>\n\t\t\t\t<div class=\"qodef-team-member-social-icons\">\n\t\t\t\t\t\t\t\t\t\t\t<\/div>\n\t\t<\/div>\n\t\t<div class=\"qodef-e-content\" style=\"margin-top:29px\">\n\t\t\t<h4 itemprop=\"name\" class=\"qodef-e-title entry-title\" >\n\t\t\tJessica Verschueren\t<\/h4>\n\t\t\t\t<p class=\"qodef-e-role\">Project Manager<\/p>\n\t\t\t\t\t<\/div>\n\t<\/div>\n<\/div>\n<div class=\"qodef-e swiper-slide  post-1595 team type-team status-publish has-post-thumbnail hentry team-category-office\">\n\t<div class=\"qodef-e-inner\">\n\t\t<div class=\"qodef-e-image\">\n\t\t\t\t<div class=\"qodef-e-media-image\">\n\t\t\t\t\t<img loading=\"lazy\" decoding=\"async\" width=\"800\" height=\"898\" src=\"https:\/\/www.am-creation.com\/wp-content\/uploads\/2021\/04\/Home-3-team-img-4.jpg\" class=\"attachment-full size-full wp-post-image\" alt=\"a\" srcset=\"https:\/\/www.am-creation.com\/wp-content\/uploads\/2021\/04\/Home-3-team-img-4.jpg 800w, https:\/\/www.am-creation.com\/wp-content\/uploads\/2021\/04\/Home-3-team-img-4-267x300.jpg 267w, https:\/\/www.am-creation.com\/wp-content\/uploads\/2021\/04\/Home-3-team-img-4-768x862.jpg 768w, https:\/\/www.am-creation.com\/wp-content\/uploads\/2021\/04\/Home-3-team-img-4-600x674.jpg 600w\" sizes=\"(max-width: 800px) 100vw, 800px\" \/>\t\t\t<\/div>\n\t\t\t\t<div class=\"qodef-team-member-social-icons\">\n\t\t\t\t\t\t\t\t\t\t\t<\/div>\n\t\t<\/div>\n\t\t<div class=\"qodef-e-content\" style=\"margin-top:29px\">\n\t\t\t<h4 itemprop=\"name\" class=\"qodef-e-title entry-title\" >\n\t\t\tMathilde Demotte\t<\/h4>\n\t\t\t\t<p class=\"qodef-e-role\">Project Manager<\/p>\n\t\t\t\t\t<\/div>\n\t<\/div>\n<\/div>\n\t<\/div>\n\t\t<\/div>\n\t\t\t\t<\/div>\n\t\t\t\t<\/div>\n\t\t\t\t\t<\/div>\n\t\t<\/div>\n\t\t\t\t\t<\/div>\n\t\t<\/section>\n\t\t\t\t<section class=\"elementor-section elementor-top-section elementor-element elementor-element-6ff1b7b elementor-section-full_width elementor-section-height-default elementor-section-height-default qodef-elementor-content-no qodef-elementor-overlay-no\" data-id=\"6ff1b7b\" data-element_type=\"section\">\n\t\t\t\t\t\t<div class=\"elementor-container elementor-column-gap-no\">\n\t\t\t\t\t<div class=\"elementor-column elementor-col-50 elementor-top-column elementor-element elementor-element-fd43260\" data-id=\"fd43260\" data-element_type=\"column\">\n\t\t\t<div class=\"elementor-widget-wrap elementor-element-populated\">\n\t\t\t\t\t\t<div class=\"elementor-element elementor-element-639ef8a elementor-widget elementor-widget-tobel_core_google_map\" data-id=\"639ef8a\" data-element_type=\"widget\" data-widget_type=\"tobel_core_google_map.default\">\n\t\t\t\t<div class=\"elementor-widget-container\">\n\t\t\t\t\t<div class=\"qodef-shortcode qodef-m  qodef-google-map\">\n\t<div class=\"qodef-m-map\" id=\"qodef-map-id--199\" data-addresses='[\"Rue Georges De Lombaerde 41\"]' data-pin=\"https:\/\/www.am-creation.com\/wp-content\/uploads\/2021\/05\/Pin.png\" data-unique-id=\"199\" data-height=\"600\"><\/div>\n<\/div>\n\t\t\t\t<\/div>\n\t\t\t\t<\/div>\n\t\t\t\t\t<\/div>\n\t\t<\/div>\n\t\t\t\t<div class=\"elementor-column elementor-col-50 elementor-top-column elementor-element elementor-element-40170e7\" data-id=\"40170e7\" data-element_type=\"column\">\n\t\t\t<div class=\"elementor-widget-wrap elementor-element-populated\">\n\t\t\t\t\t\t<div class=\"elementor-element elementor-element-60e9fb4 elementor-widget elementor-widget-tobel_core_section_title\" data-id=\"60e9fb4\" data-element_type=\"widget\" data-widget_type=\"tobel_core_section_title.default\">\n\t\t\t\t<div class=\"elementor-widget-container\">\n\t\t\t\t\t<div class=\"qodef-shortcode qodef-m  qodef-section-title qodef-alignment--left\">\n\t\t<p class=\"qodef-m-subtitle\" style=\"margin-bottom: -8px;font-size: 50px\">\n\t\tContact Us\t<\/p>\n\t\t<h3 class=\"qodef-m-title\" >\n\t\t\t\t\tTOGETHER, LET\u2019S CREATE SOMETHING UNIQUE!<br \/>\t\t\t<\/h3>\n\t<\/div>\n\t\t\t\t<\/div>\n\t\t\t\t<\/div>\n\t\t\t\t<div class=\"elementor-element elementor-element-55530ee elementor-widget elementor-widget-wp-widget-tobel_core_contact_form_7\" data-id=\"55530ee\" data-element_type=\"widget\" data-widget_type=\"wp-widget-tobel_core_contact_form_7.default\">\n\t\t\t\t<div class=\"elementor-widget-container\">\n\t\t\t\t\t\t\t\t<div class=\"qodef-contact-form-7\">\n\t\t\t\t\n<div class=\"wpcf7 no-js\" id=\"wpcf7-f129-o1\" lang=\"en-US\" dir=\"ltr\" data-wpcf7-id=\"129\">\n<div class=\"screen-reader-response\"><p role=\"status\" aria-live=\"polite\" aria-atomic=\"true\"><\/p> <ul><\/ul><\/div>\n<form action=\"\/en\/wp-json\/wp\/v2\/pages\/7369#wpcf7-f129-o1\" method=\"post\" class=\"wpcf7-form init\" aria-label=\"Contact form\" novalidate=\"novalidate\" data-status=\"init\" data-trp-original-action=\"\/en\/wp-json\/wp\/v2\/pages\/7369#wpcf7-f129-o1\">\n<div style=\"display: none;\">\n<input type=\"hidden\" name=\"_wpcf7\" value=\"129\" \/>\n<input type=\"hidden\" name=\"_wpcf7_version\" value=\"6.0.5\" \/>\n<input type=\"hidden\" name=\"_wpcf7_locale\" value=\"en_US\" \/>\n<input type=\"hidden\" name=\"_wpcf7_unit_tag\" value=\"wpcf7-f129-o1\" \/>\n<input type=\"hidden\" name=\"_wpcf7_container_post\" value=\"0\" \/>\n<input type=\"hidden\" name=\"_wpcf7_posted_data_hash\" value=\"\" \/>\n<\/div>\n<div class=\"qodef-grid qodef-layout--template\">\n<div class=\"qodef-grid-inner\">\n<div class=\"qodef-grid-item qodef-col--12\">\n <span class=\"wpcf7-form-control-wrap\" data-name=\"your-name\"><input size=\"40\" maxlength=\"400\" class=\"wpcf7-form-control wpcf7-text wpcf7-validates-as-required\" aria-required=\"true\" aria-invalid=\"false\" placeholder=\"Full name\" value=\"\" type=\"text\" name=\"your-name\" \/><\/span>\n<\/div>\n<div class=\"qodef-grid-item qodef-col--12\">\n <span class=\"wpcf7-form-control-wrap\" data-name=\"your-email\"><input size=\"40\" maxlength=\"400\" class=\"wpcf7-form-control wpcf7-email wpcf7-validates-as-required wpcf7-text wpcf7-validates-as-email\" aria-required=\"true\" aria-invalid=\"false\" placeholder=\"E-mail\" value=\"\" type=\"email\" name=\"your-email\" \/><\/span>\n<\/div>\n<div class=\"qodef-grid-item qodef-col--12\">\n <span class=\"wpcf7-form-control-wrap\" data-name=\"your-message\"><textarea cols=\"40\" rows=\"10\" maxlength=\"2000\" class=\"wpcf7-form-control wpcf7-textarea\" aria-invalid=\"false\" placeholder=\"Message\" name=\"your-message\"><\/textarea><\/span>\n<\/div>\n<div class=\"qodef-grid-item qodef-col--12\" style=\"text-align: left;margin-top: 33px;\">\n<button class=\"wpcf7-form-control wpcf7-submit qodef-layout--outlined qodef-size--small qodef-button qodef-size--normal qodef-layout--filled qodef-m\" type=\"submit\"><span class=\"qodef-m-text\">Send Message<\/span><\/button>\n<\/div>\n<\/div>\n<\/div><div class=\"wpcf7-response-output\" aria-hidden=\"true\"><\/div>\n<input type=\"hidden\" name=\"trp-form-language\" value=\"en\"\/><\/form>\n<\/div>\n\t\t\t<\/div>\n\t\t\t\t\t\t\t<\/div>\n\t\t\t\t<\/div>\n\t\t\t\t\t<\/div>\n\t\t<\/div>\n\t\t\t\t\t<\/div>\n\t\t<\/section>\n\t\t\t\t<section class=\"elementor-section elementor-top-section elementor-element elementor-element-68cb162 elementor-section-full_width elementor-section-height-default elementor-section-height-default qodef-elementor-content-no qodef-elementor-overlay-no\" data-id=\"68cb162\" data-element_type=\"section\">\n\t\t\t\t\t\t<div class=\"elementor-container elementor-column-gap-default\">\n\t\t\t\t\t<div class=\"elementor-column elementor-col-100 elementor-top-column elementor-element elementor-element-cc27696\" data-id=\"cc27696\" data-element_type=\"column\">\n\t\t\t<div class=\"elementor-widget-wrap elementor-element-populated\">\n\t\t\t\t\t\t<div class=\"elementor-element elementor-element-706ced9 elementor-widget elementor-widget-tobel_core_image_gallery\" data-id=\"706ced9\" data-element_type=\"widget\" data-widget_type=\"tobel_core_image_gallery.default\">\n\t\t\t\t<div class=\"elementor-widget-container\">\n\t\t\t\t\t<div class=\"qodef-shortcode qodef-m  qodef-image-gallery   qodef-grid qodef-layout--columns  qodef-gutter--no qodef-col-num--6   qodef-responsive--predefined\">\n\t<div class=\"qodef-grid-inner clear\">\n\t\t<div class=\"qodef-e qodef-image-wrapper qodef-grid-item\">\n\t\t\t<a itemprop=\"url\" href=\"https:\/\/www.am-creation.com\/wp-content\/uploads\/2025\/04\/Ovale-1.jpg\" target=\"_blank\">\n\t\t\t<img loading=\"lazy\" decoding=\"async\" width=\"1080\" height=\"1080\" src=\"https:\/\/www.am-creation.com\/wp-content\/uploads\/2025\/04\/Ovale-1.jpg\" class=\"attachment-full size-full\" alt=\"\" srcset=\"https:\/\/www.am-creation.com\/wp-content\/uploads\/2025\/04\/Ovale-1.jpg 1080w, https:\/\/www.am-creation.com\/wp-content\/uploads\/2025\/04\/Ovale-1-300x300.jpg 300w, https:\/\/www.am-creation.com\/wp-content\/uploads\/2025\/04\/Ovale-1-1024x1024.jpg 1024w, https:\/\/www.am-creation.com\/wp-content\/uploads\/2025\/04\/Ovale-1-150x150.jpg 150w, https:\/\/www.am-creation.com\/wp-content\/uploads\/2025\/04\/Ovale-1-768x768.jpg 768w, https:\/\/www.am-creation.com\/wp-content\/uploads\/2025\/04\/Ovale-1-650x650.jpg 650w, https:\/\/www.am-creation.com\/wp-content\/uploads\/2025\/04\/Ovale-1-600x600.jpg 600w, https:\/\/www.am-creation.com\/wp-content\/uploads\/2025\/04\/Ovale-1-100x100.jpg 100w\" sizes=\"(max-width: 1080px) 100vw, 1080px\" \/>\t\t\t<\/a>\n\t<\/div>\n<div class=\"qodef-e qodef-image-wrapper qodef-grid-item\">\n\t\t\t<a itemprop=\"url\" href=\"https:\/\/www.am-creation.com\/wp-content\/uploads\/2025\/04\/Product_Round-1000x1000-1.jpg\" target=\"_blank\">\n\t\t\t<img loading=\"lazy\" decoding=\"async\" width=\"1000\" height=\"1000\" src=\"https:\/\/www.am-creation.com\/wp-content\/uploads\/2025\/04\/Product_Round-1000x1000-1.jpg\" class=\"attachment-full size-full\" alt=\"\" srcset=\"https:\/\/www.am-creation.com\/wp-content\/uploads\/2025\/04\/Product_Round-1000x1000-1.jpg 1000w, https:\/\/www.am-creation.com\/wp-content\/uploads\/2025\/04\/Product_Round-1000x1000-1-300x300.jpg 300w, https:\/\/www.am-creation.com\/wp-content\/uploads\/2025\/04\/Product_Round-1000x1000-1-150x150.jpg 150w, https:\/\/www.am-creation.com\/wp-content\/uploads\/2025\/04\/Product_Round-1000x1000-1-768x768.jpg 768w, https:\/\/www.am-creation.com\/wp-content\/uploads\/2025\/04\/Product_Round-1000x1000-1-650x650.jpg 650w, https:\/\/www.am-creation.com\/wp-content\/uploads\/2025\/04\/Product_Round-1000x1000-1-600x600.jpg 600w, https:\/\/www.am-creation.com\/wp-content\/uploads\/2025\/04\/Product_Round-1000x1000-1-100x100.jpg 100w\" sizes=\"(max-width: 1000px) 100vw, 1000px\" \/>\t\t\t<\/a>\n\t<\/div>\n<div class=\"qodef-e qodef-image-wrapper qodef-grid-item\">\n\t\t\t<a itemprop=\"url\" href=\"https:\/\/www.am-creation.com\/wp-content\/uploads\/2025\/04\/Design-sans-titre-58.jpg\" target=\"_blank\">\n\t\t\t<img loading=\"lazy\" decoding=\"async\" width=\"600\" height=\"600\" src=\"https:\/\/www.am-creation.com\/wp-content\/uploads\/2025\/04\/Design-sans-titre-58.jpg\" class=\"attachment-full size-full\" alt=\"\" srcset=\"https:\/\/www.am-creation.com\/wp-content\/uploads\/2025\/04\/Design-sans-titre-58.jpg 600w, https:\/\/www.am-creation.com\/wp-content\/uploads\/2025\/04\/Design-sans-titre-58-300x300.jpg 300w, https:\/\/www.am-creation.com\/wp-content\/uploads\/2025\/04\/Design-sans-titre-58-150x150.jpg 150w, https:\/\/www.am-creation.com\/wp-content\/uploads\/2025\/04\/Design-sans-titre-58-100x100.jpg 100w\" sizes=\"(max-width: 600px) 100vw, 600px\" \/>\t\t\t<\/a>\n\t<\/div>\n<div class=\"qodef-e qodef-image-wrapper qodef-grid-item\">\n\t\t\t<a itemprop=\"url\" href=\"https:\/\/www.am-creation.com\/wp-content\/uploads\/2025\/04\/Design-sans-titre-56.jpg\" target=\"_blank\">\n\t\t\t<img loading=\"lazy\" decoding=\"async\" width=\"600\" height=\"600\" src=\"https:\/\/www.am-creation.com\/wp-content\/uploads\/2025\/04\/Design-sans-titre-56.jpg\" class=\"attachment-full size-full\" alt=\"\" srcset=\"https:\/\/www.am-creation.com\/wp-content\/uploads\/2025\/04\/Design-sans-titre-56.jpg 600w, https:\/\/www.am-creation.com\/wp-content\/uploads\/2025\/04\/Design-sans-titre-56-300x300.jpg 300w, https:\/\/www.am-creation.com\/wp-content\/uploads\/2025\/04\/Design-sans-titre-56-150x150.jpg 150w, https:\/\/www.am-creation.com\/wp-content\/uploads\/2025\/04\/Design-sans-titre-56-100x100.jpg 100w\" sizes=\"(max-width: 600px) 100vw, 600px\" \/>\t\t\t<\/a>\n\t<\/div>\n<div class=\"qodef-e qodef-image-wrapper qodef-grid-item\">\n\t\t\t<a itemprop=\"url\" href=\"https:\/\/www.am-creation.com\/wp-content\/uploads\/2025\/04\/Design-sans-titre-59.jpg\" target=\"_blank\">\n\t\t\t<img loading=\"lazy\" decoding=\"async\" width=\"600\" height=\"600\" src=\"https:\/\/www.am-creation.com\/wp-content\/uploads\/2025\/04\/Design-sans-titre-59.jpg\" class=\"attachment-full size-full\" alt=\"\" srcset=\"https:\/\/www.am-creation.com\/wp-content\/uploads\/2025\/04\/Design-sans-titre-59.jpg 600w, https:\/\/www.am-creation.com\/wp-content\/uploads\/2025\/04\/Design-sans-titre-59-300x300.jpg 300w, https:\/\/www.am-creation.com\/wp-content\/uploads\/2025\/04\/Design-sans-titre-59-150x150.jpg 150w, https:\/\/www.am-creation.com\/wp-content\/uploads\/2025\/04\/Design-sans-titre-59-100x100.jpg 100w\" sizes=\"(max-width: 600px) 100vw, 600px\" \/>\t\t\t<\/a>\n\t<\/div>\n<div class=\"qodef-e qodef-image-wrapper qodef-grid-item\">\n\t\t\t<a itemprop=\"url\" href=\"https:\/\/www.am-creation.com\/wp-content\/uploads\/2025\/05\/600-PX-X-600-PX.png\" target=\"_blank\">\n\t\t\t<img loading=\"lazy\" decoding=\"async\" width=\"600\" height=\"600\" src=\"https:\/\/www.am-creation.com\/wp-content\/uploads\/2025\/05\/600-PX-X-600-PX.png\" class=\"attachment-full size-full\" alt=\"\" srcset=\"https:\/\/www.am-creation.com\/wp-content\/uploads\/2025\/05\/600-PX-X-600-PX.png 600w, https:\/\/www.am-creation.com\/wp-content\/uploads\/2025\/05\/600-PX-X-600-PX-300x300.png 300w, https:\/\/www.am-creation.com\/wp-content\/uploads\/2025\/05\/600-PX-X-600-PX-150x150.png 150w, https:\/\/www.am-creation.com\/wp-content\/uploads\/2025\/05\/600-PX-X-600-PX-12x12.png 12w, https:\/\/www.am-creation.com\/wp-content\/uploads\/2025\/05\/600-PX-X-600-PX-100x100.png 100w\" sizes=\"(max-width: 600px) 100vw, 600px\" \/>\t\t\t<\/a>\n\t<\/div>\n\t<\/div>\n<\/div>\n\t\t\t\t<\/div>\n\t\t\t\t<\/div>\n\t\t\t\t\t<\/div>\n\t\t<\/div>\n\t\t\t\t\t<\/div>\n\t\t<\/section>\n\t\t\t\t<\/div>","protected":false},"excerpt":{"rendered":"<p>En quelques mots L&rsquo;Atelier Simplicit\u00e9, \u00e9quilibre et puret\u00e9 des formes sont les piliers de notre d\u00e9marche. Chez A&amp;M Cr\u00e9ation, nous imaginons un design modulable et accessible, sans compromis sur la qualit\u00e9 ou le respect de l\u2019environnement. \u00c0 l\u2019\u00e9coute de nos clients et des tendances, notre atelier \u00e9volue avec cr\u00e9ativit\u00e9, en cultivant une esth\u00e9tique sobre et [&hellip;]<\/p>","protected":false},"author":2,"featured_media":0,"parent":0,"menu_order":0,"comment_status":"closed","ping_status":"closed","template":"page-full-width.php","meta":{"footnotes":""},"class_list":["post-7369","page","type-page","status-publish","hentry"],"_links":{"self":[{"href":"https:\/\/www.am-creation.com\/en\/wp-json\/wp\/v2\/pages\/7369","targetHints":{"allow":["GET"]}}],"collection":[{"href":"https:\/\/www.am-creation.com\/en\/wp-json\/wp\/v2\/pages"}],"about":[{"href":"https:\/\/www.am-creation.com\/en\/wp-json\/wp\/v2\/types\/page"}],"author":[{"embeddable":true,"href":"https:\/\/www.am-creation.com\/en\/wp-json\/wp\/v2\/users\/2"}],"replies":[{"embeddable":true,"href":"https:\/\/www.am-creation.com\/en\/wp-json\/wp\/v2\/comments?post=7369"}],"version-history":[{"count":0,"href":"https:\/\/www.am-creation.com\/en\/wp-json\/wp\/v2\/pages\/7369\/revisions"}],"wp:attachment":[{"href":"https:\/\/www.am-creation.com\/en\/wp-json\/wp\/v2\/media?parent=7369"}],"curies":[{"name":"wp","href":"https:\/\/api.w.org\/{rel}","templated":true}]}}