{"id":7361,"date":"2025-03-28T17:41:57","date_gmt":"2025-03-28T16:41:57","guid":{"rendered":"https:\/\/www.am-creation.com\/?page_id=7361"},"modified":"2025-05-18T20:57:44","modified_gmt":"2025-05-18T18:57:44","slug":"inspirations","status":"publish","type":"page","link":"https:\/\/www.am-creation.com\/fr\/inspirations\/","title":{"rendered":"Inspirations"},"content":{"rendered":"\t\t<div data-elementor-type=\"wp-page\" data-elementor-id=\"7361\" class=\"elementor elementor-7361\">\n\t\t\t\t\t\t<section class=\"elementor-section elementor-top-section elementor-element elementor-element-341e044 elementor-section-full_width qodef-elementor-content-grid elementor-section-height-default elementor-section-height-default qodef-elementor-overlay-no\" data-id=\"341e044\" data-element_type=\"section\" data-settings=\"{&quot;background_background&quot;:&quot;classic&quot;}\">\n\t\t\t\t\t\t<div class=\"elementor-container elementor-column-gap-default\">\n\t\t\t\t\t<div class=\"elementor-column elementor-col-100 elementor-top-column elementor-element elementor-element-4c284ed\" data-id=\"4c284ed\" data-element_type=\"column\">\n\t\t\t<div class=\"elementor-widget-wrap elementor-element-populated\">\n\t\t\t\t\t\t<div class=\"elementor-element elementor-element-ed29532 elementor-widget elementor-widget-tobel_core_section_title\" data-id=\"ed29532\" data-element_type=\"widget\" data-widget_type=\"tobel_core_section_title.default\">\n\t\t\t\t<div class=\"elementor-widget-container\">\n\t\t\t\t\t<div class=\"qodef-shortcode qodef-m  qodef-section-title qodef-alignment--center \">\n\t\t<h2 class=\"qodef-m-title\" >\n\t\t\t\t\tUN<br \/> VOYAGE AU<br \/> C\u0152UR DE NOS\t\t\t<\/h2>\n\t\t<p class=\"qodef-m-subtitle\" style=\"margin-top: -6px\">\n\t\tCreations\t<\/p>\n\t<\/div>\n\t\t\t\t<\/div>\n\t\t\t\t<\/div>\n\t\t\t\t\t<\/div>\n\t\t<\/div>\n\t\t\t\t\t<\/div>\n\t\t<\/section>\n\t\t\t\t<section class=\"elementor-section elementor-top-section elementor-element elementor-element-4c6622f elementor-section-full_width qodef-elementor-content-grid elementor-section-height-default elementor-section-height-default qodef-elementor-overlay-no\" data-id=\"4c6622f\" data-element_type=\"section\">\n\t\t\t\t\t\t<div class=\"elementor-container elementor-column-gap-default\">\n\t\t\t\t\t<div class=\"elementor-column elementor-col-100 elementor-top-column elementor-element elementor-element-4139c35\" data-id=\"4139c35\" data-element_type=\"column\">\n\t\t\t<div class=\"elementor-widget-wrap elementor-element-populated\">\n\t\t\t\t\t\t<div class=\"elementor-element elementor-element-866b391 elementor-widget elementor-widget-tobel_core_portfolio_list\" data-id=\"866b391\" data-element_type=\"widget\" data-widget_type=\"tobel_core_portfolio_list.default\">\n\t\t\t\t<div class=\"elementor-widget-container\">\n\t\t\t\t\t<div class=\"qodef-shortcode qodef-m  qodef-portfolio-list qodef-item-layout--info-on-hover qodef-grid qodef-layout--columns  qodef-gutter--normal qodef-col-num--2  qodef-item-layout--info-on-hover qodef--no-bottom-space qodef-pagination--off qodef-responsive--predefined qodef-hover-animation--fade-in\" data-options=\"{&quot;plugin&quot;:&quot;tobel_core&quot;,&quot;module&quot;:&quot;post-types\\\/portfolio\\\/shortcodes&quot;,&quot;shortcode&quot;:&quot;portfolio-list&quot;,&quot;post_type&quot;:&quot;portfolio-item&quot;,&quot;next_page&quot;:&quot;2&quot;,&quot;max_pages_num&quot;:1,&quot;behavior&quot;:&quot;columns&quot;,&quot;images_proportion&quot;:&quot;full&quot;,&quot;columns&quot;:&quot;2&quot;,&quot;columns_responsive&quot;:&quot;predefined&quot;,&quot;columns_1440&quot;:&quot;3&quot;,&quot;columns_1366&quot;:&quot;3&quot;,&quot;columns_1024&quot;:&quot;3&quot;,&quot;columns_768&quot;:&quot;3&quot;,&quot;columns_680&quot;:&quot;3&quot;,&quot;columns_480&quot;:&quot;3&quot;,&quot;space&quot;:&quot;normal&quot;,&quot;posts_per_page&quot;:&quot;9&quot;,&quot;orderby&quot;:&quot;date&quot;,&quot;order&quot;:&quot;ASC&quot;,&quot;additional_params&quot;:&quot;tax&quot;,&quot;tax&quot;:&quot;portfolio-category&quot;,&quot;tax_slug&quot;:&quot;inspirations&quot;,&quot;layout&quot;:&quot;info-on-hover&quot;,&quot;hover_animation_info-below&quot;:&quot;move&quot;,&quot;hover_animation_info-on-hover&quot;:&quot;fade-in&quot;,&quot;title_tag&quot;:&quot;h4&quot;,&quot;side_text&quot;:&quot;no&quot;,&quot;custom_slider&quot;:&quot;no&quot;,&quot;custom_padding&quot;:&quot;no&quot;,&quot;pagination_type&quot;:&quot;no-pagination&quot;,&quot;object_class_name&quot;:&quot;TobelCore_Portfolio_List_Shortcode&quot;,&quot;unique&quot;:79,&quot;taxonomy_filter&quot;:&quot;portfolio-category&quot;,&quot;additional_query_args&quot;:{&quot;tax_query&quot;:[{&quot;taxonomy&quot;:&quot;portfolio-category&quot;,&quot;field&quot;:&quot;slug&quot;,&quot;terms&quot;:&quot;inspirations&quot;}]},&quot;space_value&quot;:15}\">\n\t\t<div class=\"qodef-grid-inner clear\">\n\t\t<article class=\"qodef-e qodef-grid-item qodef-item--full post-1868 portfolio-item type-portfolio-item status-publish has-post-thumbnail hentry portfolio-category-inspirations portfolio-tag-design portfolio-tag-tables-de-salle-a-manger portfolio-tag-tables-hautes\">\n\t<div class=\"qodef-e-inner\" >\n\t\t\t<div class=\"qodef-e-media-image qodef--background qodef-image--main\" style=\"background-image: url( https:\/\/www.am-creation.com\/wp-content\/uploads\/2021\/04\/table-haute.png)\">\n\t\t<img fetchpriority=\"high\" decoding=\"async\" width=\"800\" height=\"983\" src=\"https:\/\/www.am-creation.com\/wp-content\/uploads\/2021\/04\/table-haute.png\" class=\"attachment-full size-full wp-post-image\" alt=\"\" srcset=\"https:\/\/www.am-creation.com\/wp-content\/uploads\/2021\/04\/table-haute.png 800w, https:\/\/www.am-creation.com\/wp-content\/uploads\/2021\/04\/table-haute-244x300.png 244w, https:\/\/www.am-creation.com\/wp-content\/uploads\/2021\/04\/table-haute-768x944.png 768w, https:\/\/www.am-creation.com\/wp-content\/uploads\/2021\/04\/table-haute-10x12.png 10w, https:\/\/www.am-creation.com\/wp-content\/uploads\/2021\/04\/table-haute-600x737.png 600w\" sizes=\"(max-width: 800px) 100vw, 800px\" \/>\t<\/div>\n\t\t<div class=\"qodef-e-content\">\n\t\t\t<div class=\"qodef-e-text\">\n\t\t\t\t<h4 itemprop=\"name\" class=\"qodef-e-title entry-title\" >\n\t<a itemprop=\"url\" class=\"qodef-e-title-link\" href=\"https:\/\/www.am-creation.com\/fr\/portfolio-item\/tables-hautes\/\">\n\t\tTables Hautes\t<\/a>\n<\/h4>\n\t\t\t<\/div>\n\t\t\t<div class=\"qodef-e-info\">\n\t\t\t\t\t<a href=\"https:\/\/www.am-creation.com\/fr\/portfolio-category\/inspirations\/\" rel=\"tag\">inspirations<\/a>\t<div class=\"qodef-info-separator-end\"><\/div>\n\t\t\t<\/div>\n\t\t<\/div>\n\t\t<a itemprop=\"url\" class=\"qodef-e-post-link\" href=\"https:\/\/www.am-creation.com\/fr\/portfolio-item\/tables-hautes\/\"><\/a>\t<\/div>\n<\/article>\n<article class=\"qodef-e qodef-grid-item qodef-item--full post-8422 portfolio-item type-portfolio-item status-publish has-post-thumbnail hentry portfolio-category-inspirations portfolio-tag-design portfolio-tag-tables-basses portfolio-tag-tables-de-salon\">\n\t<div class=\"qodef-e-inner\" >\n\t\t\t<div class=\"qodef-e-media-image qodef--background qodef-image--main\" style=\"background-image: url( https:\/\/www.am-creation.com\/wp-content\/uploads\/2025\/05\/Tables-basses.png)\">\n\t\t<img decoding=\"async\" width=\"800\" height=\"983\" src=\"https:\/\/www.am-creation.com\/wp-content\/uploads\/2025\/05\/Tables-basses.png\" class=\"attachment-full size-full wp-post-image\" alt=\"\" srcset=\"https:\/\/www.am-creation.com\/wp-content\/uploads\/2025\/05\/Tables-basses.png 800w, https:\/\/www.am-creation.com\/wp-content\/uploads\/2025\/05\/Tables-basses-244x300.png 244w, https:\/\/www.am-creation.com\/wp-content\/uploads\/2025\/05\/Tables-basses-768x944.png 768w, https:\/\/www.am-creation.com\/wp-content\/uploads\/2025\/05\/Tables-basses-10x12.png 10w, https:\/\/www.am-creation.com\/wp-content\/uploads\/2025\/05\/Tables-basses-600x737.png 600w\" sizes=\"(max-width: 800px) 100vw, 800px\" \/>\t<\/div>\n\t\t<div class=\"qodef-e-content\">\n\t\t\t<div class=\"qodef-e-text\">\n\t\t\t\t<h4 itemprop=\"name\" class=\"qodef-e-title entry-title\" >\n\t<a itemprop=\"url\" class=\"qodef-e-title-link\" href=\"https:\/\/www.am-creation.com\/fr\/portfolio-item\/tables-basses\/\">\n\t\tTables Basses\t<\/a>\n<\/h4>\n\t\t\t<\/div>\n\t\t\t<div class=\"qodef-e-info\">\n\t\t\t\t\t<a href=\"https:\/\/www.am-creation.com\/fr\/portfolio-category\/inspirations\/\" rel=\"tag\">inspirations<\/a>\t<div class=\"qodef-info-separator-end\"><\/div>\n\t\t\t<\/div>\n\t\t<\/div>\n\t\t<a itemprop=\"url\" class=\"qodef-e-post-link\" href=\"https:\/\/www.am-creation.com\/fr\/portfolio-item\/tables-basses\/\"><\/a>\t<\/div>\n<\/article>\n<article class=\"qodef-e qodef-grid-item qodef-item--full post-8423 portfolio-item type-portfolio-item status-publish has-post-thumbnail hentry portfolio-category-inspirations portfolio-tag-consoles portfolio-tag-design portfolio-tag-tablettes\">\n\t<div class=\"qodef-e-inner\" >\n\t\t\t<div class=\"qodef-e-media-image qodef--background qodef-image--main\" style=\"background-image: url( https:\/\/www.am-creation.com\/wp-content\/uploads\/2025\/05\/Consoles-tablettes.png)\">\n\t\t<img decoding=\"async\" width=\"800\" height=\"983\" src=\"https:\/\/www.am-creation.com\/wp-content\/uploads\/2025\/05\/Consoles-tablettes.png\" class=\"attachment-full size-full wp-post-image\" alt=\"\" srcset=\"https:\/\/www.am-creation.com\/wp-content\/uploads\/2025\/05\/Consoles-tablettes.png 800w, https:\/\/www.am-creation.com\/wp-content\/uploads\/2025\/05\/Consoles-tablettes-244x300.png 244w, https:\/\/www.am-creation.com\/wp-content\/uploads\/2025\/05\/Consoles-tablettes-768x944.png 768w, https:\/\/www.am-creation.com\/wp-content\/uploads\/2025\/05\/Consoles-tablettes-10x12.png 10w, https:\/\/www.am-creation.com\/wp-content\/uploads\/2025\/05\/Consoles-tablettes-600x737.png 600w\" sizes=\"(max-width: 800px) 100vw, 800px\" \/>\t<\/div>\n\t\t<div class=\"qodef-e-content\">\n\t\t\t<div class=\"qodef-e-text\">\n\t\t\t\t<h4 itemprop=\"name\" class=\"qodef-e-title entry-title\" >\n\t<a itemprop=\"url\" class=\"qodef-e-title-link\" href=\"https:\/\/www.am-creation.com\/fr\/portfolio-item\/consoles\/\">\n\t\tConsoles &#038; Tablettes\t<\/a>\n<\/h4>\n\t\t\t<\/div>\n\t\t\t<div class=\"qodef-e-info\">\n\t\t\t\t\t<a href=\"https:\/\/www.am-creation.com\/fr\/portfolio-category\/inspirations\/\" rel=\"tag\">inspirations<\/a>\t<div class=\"qodef-info-separator-end\"><\/div>\n\t\t\t<\/div>\n\t\t<\/div>\n\t\t<a itemprop=\"url\" class=\"qodef-e-post-link\" href=\"https:\/\/www.am-creation.com\/fr\/portfolio-item\/consoles\/\"><\/a>\t<\/div>\n<\/article>\n<article class=\"qodef-e qodef-grid-item qodef-item--full post-8432 portfolio-item type-portfolio-item status-publish has-post-thumbnail hentry portfolio-category-inspirations portfolio-tag-design portfolio-tag-tables-dappoint\">\n\t<div class=\"qodef-e-inner\" >\n\t\t\t<div class=\"qodef-e-media-image qodef--background qodef-image--main\" style=\"background-image: url( https:\/\/www.am-creation.com\/wp-content\/uploads\/2025\/05\/tables-dappoint.png)\">\n\t\t<img loading=\"lazy\" decoding=\"async\" width=\"800\" height=\"983\" src=\"https:\/\/www.am-creation.com\/wp-content\/uploads\/2025\/05\/tables-dappoint.png\" class=\"attachment-full size-full wp-post-image\" alt=\"\" srcset=\"https:\/\/www.am-creation.com\/wp-content\/uploads\/2025\/05\/tables-dappoint.png 800w, https:\/\/www.am-creation.com\/wp-content\/uploads\/2025\/05\/tables-dappoint-244x300.png 244w, https:\/\/www.am-creation.com\/wp-content\/uploads\/2025\/05\/tables-dappoint-768x944.png 768w, https:\/\/www.am-creation.com\/wp-content\/uploads\/2025\/05\/tables-dappoint-10x12.png 10w, https:\/\/www.am-creation.com\/wp-content\/uploads\/2025\/05\/tables-dappoint-600x737.png 600w\" sizes=\"(max-width: 800px) 100vw, 800px\" \/>\t<\/div>\n\t\t<div class=\"qodef-e-content\">\n\t\t\t<div class=\"qodef-e-text\">\n\t\t\t\t<h4 itemprop=\"name\" class=\"qodef-e-title entry-title\" >\n\t<a itemprop=\"url\" class=\"qodef-e-title-link\" href=\"https:\/\/www.am-creation.com\/fr\/portfolio-item\/tables-appoint\/\">\n\t\tTables d&rsquo;Appoint\t<\/a>\n<\/h4>\n\t\t\t<\/div>\n\t\t\t<div class=\"qodef-e-info\">\n\t\t\t\t\t<a href=\"https:\/\/www.am-creation.com\/fr\/portfolio-category\/inspirations\/\" rel=\"tag\">inspirations<\/a>\t<div class=\"qodef-info-separator-end\"><\/div>\n\t\t\t<\/div>\n\t\t<\/div>\n\t\t<a itemprop=\"url\" class=\"qodef-e-post-link\" href=\"https:\/\/www.am-creation.com\/fr\/portfolio-item\/tables-appoint\/\"><\/a>\t<\/div>\n<\/article>\n\t<\/div>\n\t<\/div>\n\t\t\t\t<\/div>\n\t\t\t\t<\/div>\n\t\t\t\t\t<\/div>\n\t\t<\/div>\n\t\t\t\t\t<\/div>\n\t\t<\/section>\n\t\t\t\t<section class=\"elementor-section elementor-top-section elementor-element elementor-element-d8acedf elementor-section-full_width qodef-elementor-content-grid elementor-section-height-min-height elementor-section-height-default elementor-section-items-middle qodef-elementor-overlay-no\" data-id=\"d8acedf\" data-element_type=\"section\" data-settings=\"{&quot;background_background&quot;:&quot;slideshow&quot;,&quot;background_slideshow_gallery&quot;:[],&quot;background_slideshow_loop&quot;:&quot;yes&quot;,&quot;background_slideshow_slide_duration&quot;:5000,&quot;background_slideshow_slide_transition&quot;:&quot;fade&quot;,&quot;background_slideshow_transition_duration&quot;:500}\">\n\t\t\t\t\t\t<div class=\"elementor-container elementor-column-gap-default\">\n\t\t\t\t\t<div class=\"elementor-column elementor-col-100 elementor-top-column elementor-element elementor-element-50d4fa1\" data-id=\"50d4fa1\" data-element_type=\"column\">\n\t\t\t<div class=\"elementor-widget-wrap elementor-element-populated\">\n\t\t\t\t\t\t<section class=\"elementor-section elementor-inner-section elementor-element elementor-element-e2ebcfd elementor-section-full_width elementor-section-height-default elementor-section-height-default qodef-elementor-content-no qodef-elementor-overlay-no\" data-id=\"e2ebcfd\" data-element_type=\"section\">\n\t\t\t\t\t\t<div class=\"elementor-container elementor-column-gap-default\">\n\t\t\t\t\t<div class=\"elementor-column elementor-col-100 elementor-inner-column elementor-element elementor-element-fb46609\" data-id=\"fb46609\" data-element_type=\"column\">\n\t\t\t<div class=\"elementor-widget-wrap elementor-element-populated\">\n\t\t\t\t\t\t<div class=\"elementor-element elementor-element-74db367f elementor-widget__width-auto elementor-widget-mobile__width-auto elementor-widget elementor-widget-tobel_core_custom_font\" data-id=\"74db367f\" data-element_type=\"widget\" data-widget_type=\"tobel_core_custom_font.default\">\n\t\t\t\t<div class=\"elementor-widget-container\">\n\t\t\t\t\t<p class=\"qodef-shortcode qodef-m  qodef-custom-font qodef-custom-font-147 qodef-layout--simple \" style=\"color: #FFFFFF;font-family: aAutosignature;font-size: 80px;line-height: 100px\">\n\t<span class=\"qodef-custom-font-mask\">Tables sur-mesure\n<\/span>\n\t<span class=\"qodef-custom-font-fake\">Tables sur-mesure\n<\/span>\n<\/p>\n\t\t\t\t<\/div>\n\t\t\t\t<\/div>\n\t\t\t\t\t<\/div>\n\t\t<\/div>\n\t\t\t\t\t<\/div>\n\t\t<\/section>\n\t\t\t\t<div class=\"elementor-element elementor-element-f4ecaf8 elementor-widget__width-auto elementor-widget elementor-widget-tobel_core_button\" data-id=\"f4ecaf8\" data-element_type=\"widget\" data-widget_type=\"tobel_core_button.default\">\n\t\t\t\t<div class=\"elementor-widget-container\">\n\t\t\t\t\t<a class=\"qodef-shortcode qodef-m  qodef-button qodef-layout--outlined  qodef-html--link\" href=\"https:\/\/www.am-creation.com\/personnaliser-ma-table\/\" target=\"_self\" data-hover-color=\"#B89474\" data-hover-background-color=\"#FFFFFF\" data-hover-border-color=\"#B89474\" style=\"color: #FFFFFF;border-color: #FFFFFF\">\n\t<span class=\"qodef-m-text\">Je cr\u00e9e ma table<\/span>\n<\/a>\n\t\t\t\t<\/div>\n\t\t\t\t<\/div>\n\t\t\t\t\t<\/div>\n\t\t<\/div>\n\t\t\t\t\t<\/div>\n\t\t<\/section>\n\t\t\t\t<section class=\"elementor-section elementor-top-section elementor-element elementor-element-7168619 elementor-section-full_width elementor-section-height-default elementor-section-height-default qodef-elementor-content-no qodef-elementor-overlay-no\" data-id=\"7168619\" data-element_type=\"section\">\n\t\t\t\t\t\t<div class=\"elementor-container elementor-column-gap-default\">\n\t\t\t\t\t<div class=\"elementor-column elementor-col-50 elementor-top-column elementor-element elementor-element-7db9b33\" data-id=\"7db9b33\" data-element_type=\"column\">\n\t\t\t<div class=\"elementor-widget-wrap elementor-element-populated\">\n\t\t\t\t\t\t<div class=\"elementor-element elementor-element-140f919 elementor-widget elementor-widget-image\" data-id=\"140f919\" data-element_type=\"widget\" data-widget_type=\"image.default\">\n\t\t\t\t<div class=\"elementor-widget-container\">\n\t\t\t\t\t\t\t\t\t\t\t\t\t\t\t<img loading=\"lazy\" decoding=\"async\" width=\"600\" height=\"600\" src=\"https:\/\/www.am-creation.com\/wp-content\/uploads\/2025\/04\/Design-sans-titre-54.jpg\" class=\"attachment-large size-large wp-image-7832\" alt=\"\" srcset=\"https:\/\/www.am-creation.com\/wp-content\/uploads\/2025\/04\/Design-sans-titre-54.jpg 600w, https:\/\/www.am-creation.com\/wp-content\/uploads\/2025\/04\/Design-sans-titre-54-300x300.jpg 300w, https:\/\/www.am-creation.com\/wp-content\/uploads\/2025\/04\/Design-sans-titre-54-150x150.jpg 150w, https:\/\/www.am-creation.com\/wp-content\/uploads\/2025\/04\/Design-sans-titre-54-100x100.jpg 100w\" sizes=\"(max-width: 600px) 100vw, 600px\" \/>\t\t\t\t\t\t\t\t\t\t\t\t\t\t\t<\/div>\n\t\t\t\t<\/div>\n\t\t\t\t\t<\/div>\n\t\t<\/div>\n\t\t\t\t<div class=\"elementor-column elementor-col-50 elementor-top-column elementor-element elementor-element-30c177a\" data-id=\"30c177a\" data-element_type=\"column\">\n\t\t\t<div class=\"elementor-widget-wrap elementor-element-populated\">\n\t\t\t\t\t\t<div class=\"elementor-element elementor-element-5b70b3e elementor-widget elementor-widget-tobel_core_section_title\" data-id=\"5b70b3e\" data-element_type=\"widget\" data-widget_type=\"tobel_core_section_title.default\">\n\t\t\t\t<div class=\"elementor-widget-container\">\n\t\t\t\t\t<div class=\"qodef-shortcode qodef-m  qodef-section-title qodef-alignment--left \">\n\t\t<p class=\"qodef-m-subtitle\" style=\"margin-bottom: -8px;font-size: 50px\">\n\t\tContactez-nous\t<\/p>\n\t\t<h3 class=\"qodef-m-title\" >\n\t\t\t\t\tEXPLOREZ DE NOUVELLES<br \/> ID\u00c9ES AVEC NOTRE \u00c9QUIPE\t\t\t<\/h3>\n\t<\/div>\n\t\t\t\t<\/div>\n\t\t\t\t<\/div>\n\t\t\t\t<div class=\"elementor-element elementor-element-c696a15 elementor-widget elementor-widget-wp-widget-tobel_core_contact_form_7\" data-id=\"c696a15\" data-element_type=\"widget\" data-widget_type=\"wp-widget-tobel_core_contact_form_7.default\">\n\t\t\t\t<div class=\"elementor-widget-container\">\n\t\t\t\t\t\t\t\t<div class=\"qodef-contact-form-7\">\n\t\t\t\t\n<div class=\"wpcf7 no-js\" id=\"wpcf7-f129-o1\" lang=\"en-US\" dir=\"ltr\" data-wpcf7-id=\"129\">\n<div class=\"screen-reader-response\"><p role=\"status\" aria-live=\"polite\" aria-atomic=\"true\"><\/p> <ul><\/ul><\/div>\n<form action=\"\/fr\/wp-json\/wp\/v2\/pages\/7361#wpcf7-f129-o1\" method=\"post\" class=\"wpcf7-form init\" aria-label=\"Contact form\" novalidate=\"novalidate\" data-status=\"init\">\n<div style=\"display: none;\">\n<input type=\"hidden\" name=\"_wpcf7\" value=\"129\" \/>\n<input type=\"hidden\" name=\"_wpcf7_version\" value=\"6.0.5\" \/>\n<input type=\"hidden\" name=\"_wpcf7_locale\" value=\"en_US\" \/>\n<input type=\"hidden\" name=\"_wpcf7_unit_tag\" value=\"wpcf7-f129-o1\" \/>\n<input type=\"hidden\" name=\"_wpcf7_container_post\" value=\"0\" \/>\n<input type=\"hidden\" name=\"_wpcf7_posted_data_hash\" value=\"\" \/>\n<\/div>\n<div class=\"qodef-grid qodef-layout--template\">\n<div class=\"qodef-grid-inner\">\n<div class=\"qodef-grid-item qodef-col--12\">\n <span class=\"wpcf7-form-control-wrap\" data-name=\"your-name\"><input size=\"40\" maxlength=\"400\" class=\"wpcf7-form-control wpcf7-text wpcf7-validates-as-required\" aria-required=\"true\" aria-invalid=\"false\" placeholder=\"Full name\" value=\"\" type=\"text\" name=\"your-name\" \/><\/span>\n<\/div>\n<div class=\"qodef-grid-item qodef-col--12\">\n <span class=\"wpcf7-form-control-wrap\" data-name=\"your-email\"><input size=\"40\" maxlength=\"400\" class=\"wpcf7-form-control wpcf7-email wpcf7-validates-as-required wpcf7-text wpcf7-validates-as-email\" aria-required=\"true\" aria-invalid=\"false\" placeholder=\"E-mail\" value=\"\" type=\"email\" name=\"your-email\" \/><\/span>\n<\/div>\n<div class=\"qodef-grid-item qodef-col--12\">\n <span class=\"wpcf7-form-control-wrap\" data-name=\"your-message\"><textarea cols=\"40\" rows=\"10\" maxlength=\"2000\" class=\"wpcf7-form-control wpcf7-textarea\" aria-invalid=\"false\" placeholder=\"Message\" name=\"your-message\"><\/textarea><\/span>\n<\/div>\n<div class=\"qodef-grid-item qodef-col--12\" style=\"text-align: left;margin-top: 33px;\">\n<button class=\"wpcf7-form-control wpcf7-submit qodef-layout--outlined qodef-size--small qodef-button qodef-size--normal qodef-layout--filled qodef-m\" type=\"submit\"><span class=\"qodef-m-text\">Send Message<\/span><\/button>\n<\/div>\n<\/div>\n<\/div><div class=\"wpcf7-response-output\" aria-hidden=\"true\"><\/div>\n<\/form>\n<\/div>\n\t\t\t<\/div>\n\t\t\t\t\t\t\t<\/div>\n\t\t\t\t<\/div>\n\t\t\t\t\t<\/div>\n\t\t<\/div>\n\t\t\t\t\t<\/div>\n\t\t<\/section>\n\t\t\t\t<\/div>\n\t\t","protected":false},"excerpt":{"rendered":"<p>UN VOYAGE AU C\u0152UR DE NOS Creations Tables Hautes inspirations Tables Basses inspirations Consoles &#038; Tablettes inspirations Tables d&rsquo;Appoint inspirations Tables sur-mesure Tables sur-mesure Je cr\u00e9e ma table Contactez-nous EXPLOREZ DE NOUVELLES ID\u00c9ES AVEC NOTRE \u00c9QUIPE<\/p>\n","protected":false},"author":2,"featured_media":0,"parent":0,"menu_order":0,"comment_status":"closed","ping_status":"closed","template":"page-full-width.php","meta":{"footnotes":""},"class_list":["post-7361","page","type-page","status-publish","hentry"],"_links":{"self":[{"href":"https:\/\/www.am-creation.com\/fr\/wp-json\/wp\/v2\/pages\/7361","targetHints":{"allow":["GET"]}}],"collection":[{"href":"https:\/\/www.am-creation.com\/fr\/wp-json\/wp\/v2\/pages"}],"about":[{"href":"https:\/\/www.am-creation.com\/fr\/wp-json\/wp\/v2\/types\/page"}],"author":[{"embeddable":true,"href":"https:\/\/www.am-creation.com\/fr\/wp-json\/wp\/v2\/users\/2"}],"replies":[{"embeddable":true,"href":"https:\/\/www.am-creation.com\/fr\/wp-json\/wp\/v2\/comments?post=7361"}],"version-history":[{"count":0,"href":"https:\/\/www.am-creation.com\/fr\/wp-json\/wp\/v2\/pages\/7361\/revisions"}],"wp:attachment":[{"href":"https:\/\/www.am-creation.com\/fr\/wp-json\/wp\/v2\/media?parent=7361"}],"curies":[{"name":"wp","href":"https:\/\/api.w.org\/{rel}","templated":true}]}}