{"id":7450,"date":"2025-04-02T18:42:56","date_gmt":"2025-04-02T16:42:56","guid":{"rendered":"https:\/\/www.am-creation.com\/?page_id=7450"},"modified":"2025-05-23T09:56:30","modified_gmt":"2025-05-23T07:56:30","slug":"espace-pro","status":"publish","type":"page","link":"https:\/\/www.am-creation.com\/fr\/espace-pro\/","title":{"rendered":"Espace Pro"},"content":{"rendered":"\t\t<div data-elementor-type=\"wp-page\" data-elementor-id=\"7450\" class=\"elementor elementor-7450\">\n\t\t\t\t\t\t<section class=\"elementor-section elementor-top-section elementor-element elementor-element-7dfab6f elementor-section-full_width qodef-elementor-content-grid elementor-section-height-default elementor-section-height-default qodef-elementor-overlay-no\" data-id=\"7dfab6f\" data-element_type=\"section\" data-settings=\"{&quot;background_background&quot;:&quot;classic&quot;}\">\n\t\t\t\t\t\t<div class=\"elementor-container elementor-column-gap-default\">\n\t\t\t\t\t<div class=\"elementor-column elementor-col-33 elementor-top-column elementor-element elementor-element-6a87971\" data-id=\"6a87971\" data-element_type=\"column\">\n\t\t\t<div class=\"elementor-widget-wrap elementor-element-populated\">\n\t\t\t\t\t\t<div class=\"elementor-element elementor-element-8ec0cb3 elementor-widget elementor-widget-tobel_core_section_title\" data-id=\"8ec0cb3\" data-element_type=\"widget\" data-widget_type=\"tobel_core_section_title.default\">\n\t\t\t\t<div class=\"elementor-widget-container\">\n\t\t\t\t\t<div class=\"qodef-shortcode qodef-m  qodef-section-title qodef-alignment--left \">\n\t\t<p class=\"qodef-m-subtitle\" style=\"margin-bottom: -8px;font-size: 50px\">\n\t\tB2B\t<\/p>\n\t\t<h2 class=\"qodef-m-title\" >\n\t\t\t\t\tRejoignez notre r\u00e9seau pro\t\t\t<\/h2>\n\t\t<p class=\"qodef-m-text\" >Chez A&amp;M Cr\u00e9ation, nous collaborons avec les architectes, d\u00e9corateurs, designers et revendeurs passionn\u00e9s par le design fonctionnel et la qualit\u00e9 intemporelle.\nNotre mission : vous permettre de proposer \u00e0 vos clients des pi\u00e8ces d\u2019exception, enti\u00e8rement personnalisables et fabriqu\u00e9es avec soin.<\/p>\n<\/div>\n\t\t\t\t<\/div>\n\t\t\t\t<\/div>\n\t\t\t\t<div class=\"elementor-element elementor-element-2fb5958 elementor-widget elementor-widget-tobel_core_button\" data-id=\"2fb5958\" data-element_type=\"widget\" data-widget_type=\"tobel_core_button.default\">\n\t\t\t\t<div class=\"elementor-widget-container\">\n\t\t\t\t\t<a class=\"qodef-shortcode qodef-m  qodef-button qodef-layout--outlined  qodef-html--link\" href=\"https:\/\/www.am-creation.com\/business-registration-form\/\" target=\"_self\"  >\n\t<span class=\"qodef-m-text\">Je m&#039;inscris<\/span>\n<\/a>\n\t\t\t\t<\/div>\n\t\t\t\t<\/div>\n\t\t\t\t\t<\/div>\n\t\t<\/div>\n\t\t\t\t<div class=\"elementor-column elementor-col-33 elementor-top-column elementor-element elementor-element-074529d\" data-id=\"074529d\" data-element_type=\"column\">\n\t\t\t<div class=\"elementor-widget-wrap elementor-element-populated\">\n\t\t\t\t\t\t<div class=\"elementor-element elementor-element-fe94993 elementor-widget elementor-widget-tobel_core_single_image\" data-id=\"fe94993\" data-element_type=\"widget\" data-widget_type=\"tobel_core_single_image.default\">\n\t\t\t\t<div class=\"elementor-widget-container\">\n\t\t\t\t\t<div class=\"qodef-shortcode qodef-m  qodef-single-image qodef-layout--default qodef-parallax-item\">\n\t\t<div class=\"qodef-m-image\">\n\t\t\t\t\t\t<img fetchpriority=\"high\" decoding=\"async\" width=\"800\" height=\"1149\" src=\"https:\/\/www.am-creation.com\/wp-content\/uploads\/2025\/04\/Design-sans-titre-44.jpg\" class=\"attachment-full size-full qodef-list-image\" alt=\"\" srcset=\"https:\/\/www.am-creation.com\/wp-content\/uploads\/2025\/04\/Design-sans-titre-44.jpg 800w, https:\/\/www.am-creation.com\/wp-content\/uploads\/2025\/04\/Design-sans-titre-44-209x300.jpg 209w, https:\/\/www.am-creation.com\/wp-content\/uploads\/2025\/04\/Design-sans-titre-44-713x1024.jpg 713w, https:\/\/www.am-creation.com\/wp-content\/uploads\/2025\/04\/Design-sans-titre-44-768x1103.jpg 768w, https:\/\/www.am-creation.com\/wp-content\/uploads\/2025\/04\/Design-sans-titre-44-600x862.jpg 600w\" sizes=\"(max-width: 800px) 100vw, 800px\" \/>\t\t\t\t\t<\/div>\n<\/div>\n\t\t\t\t<\/div>\n\t\t\t\t<\/div>\n\t\t\t\t\t<\/div>\n\t\t<\/div>\n\t\t\t\t<div class=\"elementor-column elementor-col-33 elementor-top-column elementor-element elementor-element-e236c43\" data-id=\"e236c43\" data-element_type=\"column\">\n\t\t\t<div class=\"elementor-widget-wrap elementor-element-populated\">\n\t\t\t\t\t\t<div class=\"elementor-element elementor-element-75b7ecd elementor-widget elementor-widget-tobel_core_single_image\" data-id=\"75b7ecd\" data-element_type=\"widget\" data-widget_type=\"tobel_core_single_image.default\">\n\t\t\t\t<div class=\"elementor-widget-container\">\n\t\t\t\t\t<div class=\"qodef-shortcode qodef-m  qodef-single-image qodef-layout--default qodef-parallax-item\">\n\t\t<div class=\"qodef-m-image\">\n\t\t\t\t\t\t<img decoding=\"async\" width=\"800\" height=\"774\" src=\"https:\/\/www.am-creation.com\/wp-content\/uploads\/2025\/04\/Design-sans-titre-46.jpg\" class=\"attachment-full size-full qodef-list-image\" alt=\"\" srcset=\"https:\/\/www.am-creation.com\/wp-content\/uploads\/2025\/04\/Design-sans-titre-46.jpg 800w, https:\/\/www.am-creation.com\/wp-content\/uploads\/2025\/04\/Design-sans-titre-46-300x290.jpg 300w, https:\/\/www.am-creation.com\/wp-content\/uploads\/2025\/04\/Design-sans-titre-46-768x743.jpg 768w, https:\/\/www.am-creation.com\/wp-content\/uploads\/2025\/04\/Design-sans-titre-46-600x581.jpg 600w\" sizes=\"(max-width: 800px) 100vw, 800px\" \/>\t\t\t\t\t<\/div>\n<\/div>\n\t\t\t\t<\/div>\n\t\t\t\t<\/div>\n\t\t\t\t\t<\/div>\n\t\t<\/div>\n\t\t\t\t\t<\/div>\n\t\t<\/section>\n\t\t\t\t<section class=\"elementor-section elementor-top-section elementor-element elementor-element-b8ec42b elementor-section-full_width elementor-section-height-default elementor-section-height-default qodef-elementor-content-no qodef-elementor-overlay-no\" data-id=\"b8ec42b\" data-element_type=\"section\">\n\t\t\t\t\t\t<div class=\"elementor-container elementor-column-gap-default\">\n\t\t\t\t\t<div class=\"elementor-column elementor-col-50 elementor-top-column elementor-element elementor-element-b7d1466\" data-id=\"b7d1466\" data-element_type=\"column\" data-settings=\"{&quot;background_background&quot;:&quot;classic&quot;}\">\n\t\t\t<div class=\"elementor-widget-wrap elementor-element-populated\">\n\t\t\t\t\t\t<div class=\"elementor-element elementor-element-5e93eaa elementor-widget elementor-widget-tobel_core_section_title\" data-id=\"5e93eaa\" data-element_type=\"widget\" data-widget_type=\"tobel_core_section_title.default\">\n\t\t\t\t<div class=\"elementor-widget-container\">\n\t\t\t\t\t<div class=\"qodef-shortcode qodef-m  qodef-section-title qodef-alignment--center \">\n\t\t<p class=\"qodef-m-subtitle\" style=\"margin-bottom: -5px;font-size: 50px\">\n\t\tS&#039;Inscrire\t<\/p>\n\t\t<h3 class=\"qodef-m-title\" >\n\t\t\t\t\tCr\u00e9er un<br \/> compte professionnel\t\t\t<\/h3>\n\t\t<p class=\"qodef-m-text\" style=\"margin-top: 24px\">Gagnez du temps sur vos projets, b\u00e9n\u00e9ficiez de conditions exclusives et composez des pi\u00e8ces uniques pour vos clients.\n\n<\/p>\n<\/div>\n\t\t\t\t<\/div>\n\t\t\t\t<\/div>\n\t\t\t\t<div class=\"elementor-element elementor-element-71d8133 elementor-widget__width-auto elementor-widget elementor-widget-tobel_core_button\" data-id=\"71d8133\" data-element_type=\"widget\" data-widget_type=\"tobel_core_button.default\">\n\t\t\t\t<div class=\"elementor-widget-container\">\n\t\t\t\t\t<a class=\"qodef-shortcode qodef-m  qodef-button qodef-layout--outlined  qodef-html--link\" href=\"https:\/\/www.am-creation.com\/business-registration-form\/\" target=\"_self\"  >\n\t<span class=\"qodef-m-text\">Cr\u00e9er un compte professionnel<\/span>\n<\/a>\n\t\t\t\t<\/div>\n\t\t\t\t<\/div>\n\t\t\t\t\t<\/div>\n\t\t<\/div>\n\t\t\t\t<div class=\"elementor-column elementor-col-50 elementor-top-column elementor-element elementor-element-327f043\" data-id=\"327f043\" data-element_type=\"column\" data-settings=\"{&quot;background_background&quot;:&quot;classic&quot;}\">\n\t\t\t<div class=\"elementor-widget-wrap elementor-element-populated\">\n\t\t\t\t\t\t<div class=\"elementor-element elementor-element-4a2d021 elementor-widget elementor-widget-tobel_core_section_title\" data-id=\"4a2d021\" data-element_type=\"widget\" data-widget_type=\"tobel_core_section_title.default\">\n\t\t\t\t<div class=\"elementor-widget-container\">\n\t\t\t\t\t<div class=\"qodef-shortcode qodef-m  qodef-section-title qodef-alignment--center \">\n\t\t<p class=\"qodef-m-subtitle\" style=\"margin-bottom: -5px;font-size: 50px\">\n\t\tSe Connecter\t<\/p>\n\t\t<h3 class=\"qodef-m-title\" >\n\t\t\t\t\tD\u00e9j\u00e0 client professionnel ?\t\t\t<\/h3>\n\t\t<p class=\"qodef-m-text\" style=\"margin-top: 24px\">Connectez-vous ici pour acc\u00e9der \u00e0 votre espace et passer commande.\n<\/p>\n<\/div>\n\t\t\t\t<\/div>\n\t\t\t\t<\/div>\n\t\t\t\t<div class=\"elementor-element elementor-element-660e003 elementor-widget__width-auto elementor-widget elementor-widget-tobel_core_button\" data-id=\"660e003\" data-element_type=\"widget\" data-widget_type=\"tobel_core_button.default\">\n\t\t\t\t<div class=\"elementor-widget-container\">\n\t\t\t\t\t<a class=\"qodef-shortcode qodef-m  qodef-button qodef-layout--outlined  qodef-html--link\" href=\"https:\/\/www.am-creation.com\/mon-compte\/\" target=\"_self\"  >\n\t<span class=\"qodef-m-text\">Se Connecter<\/span>\n<\/a>\n\t\t\t\t<\/div>\n\t\t\t\t<\/div>\n\t\t\t\t\t<\/div>\n\t\t<\/div>\n\t\t\t\t\t<\/div>\n\t\t<\/section>\n\t\t\t\t<section class=\"elementor-section elementor-top-section elementor-element elementor-element-46cde1a elementor-section-full_width qodef-elementor-content-grid elementor-section-height-default elementor-section-height-default qodef-elementor-overlay-no\" data-id=\"46cde1a\" data-element_type=\"section\" data-settings=\"{&quot;background_background&quot;:&quot;classic&quot;}\">\n\t\t\t\t\t\t<div class=\"elementor-container elementor-column-gap-default\">\n\t\t\t\t\t<div class=\"elementor-column elementor-col-100 elementor-top-column elementor-element elementor-element-5ca43cc\" data-id=\"5ca43cc\" data-element_type=\"column\">\n\t\t\t<div class=\"elementor-widget-wrap elementor-element-populated\">\n\t\t\t\t\t\t<div class=\"elementor-element elementor-element-5b418c8 elementor-widget elementor-widget-tobel_core_section_title\" data-id=\"5b418c8\" data-element_type=\"widget\" data-widget_type=\"tobel_core_section_title.default\">\n\t\t\t\t<div class=\"elementor-widget-container\">\n\t\t\t\t\t<div class=\"qodef-shortcode qodef-m  qodef-section-title qodef-alignment--left \">\n\t\t<p class=\"qodef-m-subtitle\" style=\"margin-bottom: -7px;font-size: 50px\">\n\t\tPourquoi\t<\/p>\n\t\t<h3 class=\"qodef-m-title\" >\n\t\t\t\t\trejoindre notre r\u00e9seau professionnel ?\t\t\t<\/h3>\n\t\t<p class=\"qodef-m-text\" style=\"margin-top: 24px\">Simplicit\u00e9, \u00e9quilibre et puret\u00e9 des formes sont les piliers de notre d\u00e9marche.<\/p>\n<\/div>\n\t\t\t\t<\/div>\n\t\t\t\t<\/div>\n\t\t\t\t<div class=\"elementor-element elementor-element-968d212 elementor-widget elementor-widget-text-editor\" data-id=\"968d212\" data-element_type=\"widget\" data-widget_type=\"text-editor.default\">\n\t\t\t\t<div class=\"elementor-widget-container\">\n\t\t\t\t\t\t\t\t\t<ul><li data-start=\"688\" data-end=\"754\"><strong data-start=\"688\" data-end=\"720\">Acc\u00e8s \u00e0 des tarifs exclusifs<\/strong> selon votre profil\u00a0<\/li><li data-start=\"757\" data-end=\"818\"><strong data-start=\"757\" data-end=\"791\">Commandes simplifi\u00e9es en ligne<\/strong> avec factures automatiques<\/li><li data-start=\"821\" data-end=\"884\"><strong data-start=\"821\" data-end=\"884\">Visualisation en temps r\u00e9el des prix adapt\u00e9s \u00e0 votre statut<\/strong><\/li><li data-start=\"887\" data-end=\"935\"><strong data-start=\"887\" data-end=\"911\">Support personnalis\u00e9<\/strong> et accompagnement d\u00e9di\u00e9<\/li><li data-start=\"938\" data-end=\"992\"><strong data-start=\"938\" data-end=\"960\">Livraison flexible<\/strong> et sur-mesure selon vos projets<\/li><\/ul>\t\t\t\t\t\t\t\t<\/div>\n\t\t\t\t<\/div>\n\t\t\t\t<div class=\"elementor-element elementor-element-bca9a05 elementor-widget elementor-widget-text-editor\" data-id=\"bca9a05\" data-element_type=\"widget\" data-widget_type=\"text-editor.default\">\n\t\t\t\t<div class=\"elementor-widget-container\">\n\t\t\t\t\t\t\t\t\t<h5 data-start=\"1201\" data-end=\"1235\"><strong data-start=\"1208\" data-end=\"1235\">Comment \u00e7a fonctionne ?<\/strong><\/h5><ol><li>Remplissez notre formulaire d\u2019inscription d\u00e9di\u00e9<\/li><li>Votre demande sera examin\u00e9e sous 48h<\/li><li>Une fois valid\u00e9e, vous acc\u00e9derez \u00e0 l\u2019ensemble de nos tarifs et services professionnels<\/li><\/ol>\t\t\t\t\t\t\t\t<\/div>\n\t\t\t\t<\/div>\n\t\t\t\t<div class=\"elementor-element elementor-element-7ac094a elementor-widget elementor-widget-tobel_core_button\" data-id=\"7ac094a\" data-element_type=\"widget\" data-widget_type=\"tobel_core_button.default\">\n\t\t\t\t<div class=\"elementor-widget-container\">\n\t\t\t\t\t<a class=\"qodef-shortcode qodef-m  qodef-button qodef-layout--outlined  qodef-html--link\" href=\"https:\/\/www.am-creation.com\/business-registration-form\/\" target=\"_self\"  >\n\t<span class=\"qodef-m-text\">Je m&#039;inscris<\/span>\n<\/a>\n\t\t\t\t<\/div>\n\t\t\t\t<\/div>\n\t\t\t\t\t<\/div>\n\t\t<\/div>\n\t\t\t\t\t<\/div>\n\t\t<\/section>\n\t\t\t\t<section class=\"elementor-section elementor-top-section elementor-element elementor-element-5139a25 elementor-section-full_width elementor-section-height-default elementor-section-height-default qodef-elementor-content-no qodef-elementor-overlay-no\" data-id=\"5139a25\" data-element_type=\"section\">\n\t\t\t\t\t\t<div class=\"elementor-container elementor-column-gap-no\">\n\t\t\t\t\t<div class=\"elementor-column elementor-col-50 elementor-top-column elementor-element elementor-element-d80f95d\" data-id=\"d80f95d\" data-element_type=\"column\">\n\t\t\t<div class=\"elementor-widget-wrap elementor-element-populated\">\n\t\t\t\t\t\t<div class=\"elementor-element elementor-element-db24eea elementor-widget elementor-widget-tobel_core_google_map\" data-id=\"db24eea\" data-element_type=\"widget\" data-widget_type=\"tobel_core_google_map.default\">\n\t\t\t\t<div class=\"elementor-widget-container\">\n\t\t\t\t\t<div class=\"qodef-shortcode qodef-m  qodef-google-map\">\n\t<div class=\"qodef-m-map\" id=\"qodef-map-id--822\" data-addresses='[\"Rue Georges De Lombaerde 41, 1140 Evere\"]' data-pin=https:\/\/www.am-creation.com\/wp-content\/uploads\/2021\/05\/Pin.png data-unique-id=822 data-height=840><\/div>\n<\/div>\n\t\t\t\t<\/div>\n\t\t\t\t<\/div>\n\t\t\t\t\t<\/div>\n\t\t<\/div>\n\t\t\t\t<div class=\"elementor-column elementor-col-50 elementor-top-column elementor-element elementor-element-bdee997\" data-id=\"bdee997\" data-element_type=\"column\">\n\t\t\t<div class=\"elementor-widget-wrap elementor-element-populated\">\n\t\t\t\t\t\t<div class=\"elementor-element elementor-element-d3e0cd6 elementor-widget elementor-widget-tobel_core_section_title\" data-id=\"d3e0cd6\" data-element_type=\"widget\" data-widget_type=\"tobel_core_section_title.default\">\n\t\t\t\t<div class=\"elementor-widget-container\">\n\t\t\t\t\t<div class=\"qodef-shortcode qodef-m  qodef-section-title qodef-alignment--left \">\n\t\t<p class=\"qodef-m-subtitle\" style=\"margin-bottom: -8px;font-size: 50px\">\n\t\tContactez-Nous\t<\/p>\n\t\t<h3 class=\"qodef-m-title\" >\n\t\t\t\t\tENSEMBLE, CR\u00c9ONS L'IN\u00c9DIT!<br \/>\t\t\t<\/h3>\n\t<\/div>\n\t\t\t\t<\/div>\n\t\t\t\t<\/div>\n\t\t\t\t<div class=\"elementor-element elementor-element-82e099d elementor-widget elementor-widget-wp-widget-tobel_core_contact_form_7\" data-id=\"82e099d\" data-element_type=\"widget\" data-widget_type=\"wp-widget-tobel_core_contact_form_7.default\">\n\t\t\t\t<div class=\"elementor-widget-container\">\n\t\t\t\t\t\t\t\t<div class=\"qodef-contact-form-7\">\n\t\t\t\t\n<div class=\"wpcf7 no-js\" id=\"wpcf7-f129-o1\" lang=\"en-US\" dir=\"ltr\" data-wpcf7-id=\"129\">\n<div class=\"screen-reader-response\"><p role=\"status\" aria-live=\"polite\" aria-atomic=\"true\"><\/p> <ul><\/ul><\/div>\n<form action=\"\/fr\/wp-json\/wp\/v2\/pages\/7450#wpcf7-f129-o1\" method=\"post\" class=\"wpcf7-form init\" aria-label=\"Contact form\" novalidate=\"novalidate\" data-status=\"init\">\n<div style=\"display: none;\">\n<input type=\"hidden\" name=\"_wpcf7\" value=\"129\" \/>\n<input type=\"hidden\" name=\"_wpcf7_version\" value=\"6.0.5\" \/>\n<input type=\"hidden\" name=\"_wpcf7_locale\" value=\"en_US\" \/>\n<input type=\"hidden\" name=\"_wpcf7_unit_tag\" value=\"wpcf7-f129-o1\" \/>\n<input type=\"hidden\" name=\"_wpcf7_container_post\" value=\"0\" \/>\n<input type=\"hidden\" name=\"_wpcf7_posted_data_hash\" value=\"\" \/>\n<\/div>\n<div class=\"qodef-grid qodef-layout--template\">\n<div class=\"qodef-grid-inner\">\n<div class=\"qodef-grid-item qodef-col--12\">\n <span class=\"wpcf7-form-control-wrap\" data-name=\"your-name\"><input size=\"40\" maxlength=\"400\" class=\"wpcf7-form-control wpcf7-text wpcf7-validates-as-required\" aria-required=\"true\" aria-invalid=\"false\" placeholder=\"Full name\" value=\"\" type=\"text\" name=\"your-name\" \/><\/span>\n<\/div>\n<div class=\"qodef-grid-item qodef-col--12\">\n <span class=\"wpcf7-form-control-wrap\" data-name=\"your-email\"><input size=\"40\" maxlength=\"400\" class=\"wpcf7-form-control wpcf7-email wpcf7-validates-as-required wpcf7-text wpcf7-validates-as-email\" aria-required=\"true\" aria-invalid=\"false\" placeholder=\"E-mail\" value=\"\" type=\"email\" name=\"your-email\" \/><\/span>\n<\/div>\n<div class=\"qodef-grid-item qodef-col--12\">\n <span class=\"wpcf7-form-control-wrap\" data-name=\"your-message\"><textarea cols=\"40\" rows=\"10\" maxlength=\"2000\" class=\"wpcf7-form-control wpcf7-textarea\" aria-invalid=\"false\" placeholder=\"Message\" name=\"your-message\"><\/textarea><\/span>\n<\/div>\n<div class=\"qodef-grid-item qodef-col--12\" style=\"text-align: left;margin-top: 33px;\">\n<button class=\"wpcf7-form-control wpcf7-submit qodef-layout--outlined qodef-size--small qodef-button qodef-size--normal qodef-layout--filled qodef-m\" type=\"submit\"><span class=\"qodef-m-text\">Send Message<\/span><\/button>\n<\/div>\n<\/div>\n<\/div><div class=\"wpcf7-response-output\" aria-hidden=\"true\"><\/div>\n<\/form>\n<\/div>\n\t\t\t<\/div>\n\t\t\t\t\t\t\t<\/div>\n\t\t\t\t<\/div>\n\t\t\t\t\t<\/div>\n\t\t<\/div>\n\t\t\t\t\t<\/div>\n\t\t<\/section>\n\t\t\t\t<\/div>\n\t\t","protected":false},"excerpt":{"rendered":"<p>B2B Rejoignez notre r\u00e9seau pro Chez A&amp;M Cr\u00e9ation, nous collaborons avec les architectes, d\u00e9corateurs, designers et revendeurs passionn\u00e9s par le design fonctionnel et la qualit\u00e9 intemporelle. Notre mission : vous permettre de proposer \u00e0 vos clients des pi\u00e8ces d\u2019exception, enti\u00e8rement personnalisables et fabriqu\u00e9es avec soin. Je m&#039;inscris S&#039;Inscrire Cr\u00e9er un compte professionnel Gagnez du temps [&hellip;]<\/p>\n","protected":false},"author":2,"featured_media":0,"parent":0,"menu_order":0,"comment_status":"closed","ping_status":"closed","template":"page-full-width.php","meta":{"footnotes":""},"class_list":["post-7450","page","type-page","status-publish","hentry"],"_links":{"self":[{"href":"https:\/\/www.am-creation.com\/fr\/wp-json\/wp\/v2\/pages\/7450","targetHints":{"allow":["GET"]}}],"collection":[{"href":"https:\/\/www.am-creation.com\/fr\/wp-json\/wp\/v2\/pages"}],"about":[{"href":"https:\/\/www.am-creation.com\/fr\/wp-json\/wp\/v2\/types\/page"}],"author":[{"embeddable":true,"href":"https:\/\/www.am-creation.com\/fr\/wp-json\/wp\/v2\/users\/2"}],"replies":[{"embeddable":true,"href":"https:\/\/www.am-creation.com\/fr\/wp-json\/wp\/v2\/comments?post=7450"}],"version-history":[{"count":0,"href":"https:\/\/www.am-creation.com\/fr\/wp-json\/wp\/v2\/pages\/7450\/revisions"}],"wp:attachment":[{"href":"https:\/\/www.am-creation.com\/fr\/wp-json\/wp\/v2\/media?parent=7450"}],"curies":[{"name":"wp","href":"https:\/\/api.w.org\/{rel}","templated":true}]}}