{"id":7622,"date":"2025-04-25T20:24:11","date_gmt":"2025-04-25T18:24:11","guid":{"rendered":"https:\/\/www.am-creation.com\/?post_type=product&#038;p=7622"},"modified":"2025-07-03T13:33:54","modified_gmt":"2025-07-03T11:33:54","slug":"table-ronde-sur-mesure","status":"publish","type":"product","link":"https:\/\/www.am-creation.com\/fr\/produit\/table-ronde-sur-mesure\/","title":{"rendered":"Table Ronde"},"content":{"rendered":"<p>Notre table ronde incarne l\u2019\u00e9l\u00e9gance organique et la robustesse. Le plateau est con\u00e7u en MDF recouvert d\u2019un rev\u00eatement 100% naturel \u00e0 base d\u2019argile et de quartz s\u00e9dimentaire. Chaque pi\u00e8ce est fabriqu\u00e9e avec soin en Belgique, et peut \u00eatre personnalis\u00e9e dans ses moindres d\u00e9tails : taille, couleur, \u00e9paisseur, type de bord et de pied.<\/p>\n<p>Une table pens\u00e9e pour durer, s\u2019int\u00e9grer \u00e0 votre int\u00e9rieur et refl\u00e9ter votre style.<\/p>\n","protected":false},"excerpt":{"rendered":"<p>Plateau en argile et quartz s\u00e9dimentaire 100% naturel. Fabriqu\u00e9e en Belgique. Personnalisez la forme, la taille, les bords et les pieds selon vos envies.<\/p>\n","protected":false},"featured_media":8024,"template":"","meta":[],"product_brand":[],"product_cat":[89],"product_tag":[],"class_list":{"0":"post-7622","1":"product","2":"type-product","3":"status-publish","4":"has-post-thumbnail","6":"product_cat-tables-sur-mesure","7":"product_shipping_class-tables","9":"first","10":"instock","11":"taxable","12":"shipping-taxable","13":"purchasable","14":"product-type-simple"},"_links":{"self":[{"href":"https:\/\/www.am-creation.com\/fr\/wp-json\/wp\/v2\/product\/7622","targetHints":{"allow":["GET"]}}],"collection":[{"href":"https:\/\/www.am-creation.com\/fr\/wp-json\/wp\/v2\/product"}],"about":[{"href":"https:\/\/www.am-creation.com\/fr\/wp-json\/wp\/v2\/types\/product"}],"wp:featuredmedia":[{"embeddable":true,"href":"https:\/\/www.am-creation.com\/fr\/wp-json\/wp\/v2\/media\/8024"}],"wp:attachment":[{"href":"https:\/\/www.am-creation.com\/fr\/wp-json\/wp\/v2\/media?parent=7622"}],"wp:term":[{"taxonomy":"product_brand","embeddable":true,"href":"https:\/\/www.am-creation.com\/fr\/wp-json\/wp\/v2\/product_brand?post=7622"},{"taxonomy":"product_cat","embeddable":true,"href":"https:\/\/www.am-creation.com\/fr\/wp-json\/wp\/v2\/product_cat?post=7622"},{"taxonomy":"product_tag","embeddable":true,"href":"https:\/\/www.am-creation.com\/fr\/wp-json\/wp\/v2\/product_tag?post=7622"}],"curies":[{"name":"wp","href":"https:\/\/api.w.org\/{rel}","templated":true}]}}