{"id":7681,"date":"2025-04-26T14:00:32","date_gmt":"2025-04-26T12:00:32","guid":{"rendered":"https:\/\/www.am-creation.com\/?post_type=product&#038;p=7681"},"modified":"2025-07-03T13:34:36","modified_gmt":"2025-07-03T11:34:36","slug":"table-carree-sur-mesure","status":"publish","type":"product","link":"https:\/\/www.am-creation.com\/fr\/produit\/table-carree-sur-mesure\/","title":{"rendered":"Table Carr\u00e9e"},"content":{"rendered":"<p class=\"\" data-start=\"443\" data-end=\"622\">Nos tables carr\u00e9es sont fabriqu\u00e9es \u00e0 partir de MDF de haute qualit\u00e9, recouvert d\u2019un rev\u00eatement 100 % naturel en argile et quartz s\u00e9dimentaire, garantissant robustesse et \u00e9l\u00e9gance.<\/p>\n<p class=\"\" data-start=\"627\" data-end=\"806\">Disponibles en diff\u00e9rentes tailles, de 60 cm \u00e0 150 cm, nos plateaux d&rsquo;une \u00e9paisseur de 22 mm ou 44 mm allient finesse et r\u00e9sistance pour s&rsquo;int\u00e9grer harmonieusement \u00e0 tous les int\u00e9rieurs.<\/p>\n<p class=\"\" data-start=\"811\" data-end=\"989\">Chaque pi\u00e8ce est r\u00e9alis\u00e9e avec soin en Belgique, vous offrant la libert\u00e9 de personnaliser la taille, la couleur, les bords et les pieds pour donner vie \u00e0 votre projet sur-mesure.<\/p>\n","protected":false},"excerpt":{"rendered":"<p>Plateau en argile et quartz 100 % naturel. Personnalisez la taille, la couleur, les bords et les pieds selon vos envies pour cr\u00e9er votre table carr\u00e9e unique.<\/p>\n","protected":false},"featured_media":8030,"template":"","meta":[],"product_brand":[],"product_cat":[89],"product_tag":[],"class_list":{"0":"post-7681","1":"product","2":"type-product","3":"status-publish","4":"has-post-thumbnail","6":"product_cat-tables-sur-mesure","7":"product_shipping_class-tables","9":"first","10":"instock","11":"taxable","12":"shipping-taxable","13":"purchasable","14":"product-type-simple"},"_links":{"self":[{"href":"https:\/\/www.am-creation.com\/fr\/wp-json\/wp\/v2\/product\/7681","targetHints":{"allow":["GET"]}}],"collection":[{"href":"https:\/\/www.am-creation.com\/fr\/wp-json\/wp\/v2\/product"}],"about":[{"href":"https:\/\/www.am-creation.com\/fr\/wp-json\/wp\/v2\/types\/product"}],"wp:featuredmedia":[{"embeddable":true,"href":"https:\/\/www.am-creation.com\/fr\/wp-json\/wp\/v2\/media\/8030"}],"wp:attachment":[{"href":"https:\/\/www.am-creation.com\/fr\/wp-json\/wp\/v2\/media?parent=7681"}],"wp:term":[{"taxonomy":"product_brand","embeddable":true,"href":"https:\/\/www.am-creation.com\/fr\/wp-json\/wp\/v2\/product_brand?post=7681"},{"taxonomy":"product_cat","embeddable":true,"href":"https:\/\/www.am-creation.com\/fr\/wp-json\/wp\/v2\/product_cat?post=7681"},{"taxonomy":"product_tag","embeddable":true,"href":"https:\/\/www.am-creation.com\/fr\/wp-json\/wp\/v2\/product_tag?post=7681"}],"curies":[{"name":"wp","href":"https:\/\/api.w.org\/{rel}","templated":true}]}}