{"id":7695,"date":"2025-04-26T17:19:46","date_gmt":"2025-04-26T15:19:46","guid":{"rendered":"https:\/\/www.am-creation.com\/?post_type=product&#038;p=7695"},"modified":"2025-07-03T13:35:07","modified_gmt":"2025-07-03T11:35:07","slug":"table-rectangle-sur-mesure","status":"publish","type":"product","link":"https:\/\/www.am-creation.com\/fr\/produit\/table-rectangle-sur-mesure\/","title":{"rendered":"Table Rectangle"},"content":{"rendered":"<p class=\"\" data-start=\"331\" data-end=\"522\">Nos plateaux rectangulaires sont r\u00e9alis\u00e9s en MDF de haute qualit\u00e9 et habill\u00e9s d\u2019un rev\u00eatement 100 % naturel \u00e0 base d\u2019argile et de quartz s\u00e9dimentaire, pour un rendu aussi \u00e9l\u00e9gant que durable.<\/p>\n<p class=\"\" data-start=\"527\" data-end=\"756\">Disponibles dans une large gamme de tailles \u2013 des consoles fines de 45 cm de large aux grandes tables \u00e0 manger de 120 cm \u2013, nos plateaux d&rsquo;une \u00e9paisseur de 22 mm et 44 mm offrent une adaptabilit\u00e9 parfaite \u00e0 tous vos projets d\u2019am\u00e9nagement.<\/p>\n<p class=\"\" data-start=\"761\" data-end=\"962\">Con\u00e7ues et fabriqu\u00e9es en Belgique, nos tables rectangulaires vous permettent de personnaliser chaque d\u00e9tail : taille, couleur, type de bord et style de pieds, pour cr\u00e9er une pi\u00e8ce v\u00e9ritablement unique.<\/p>\n","protected":false},"excerpt":{"rendered":"<p>Plateau en argile et quartz 100 % naturel. Composez votre table rectangulaire sur-mesure en choisissant vos dimensions, finitions et pieds.<\/p>\n","protected":false},"featured_media":8033,"template":"","meta":[],"product_brand":[],"product_cat":[89],"product_tag":[],"class_list":{"0":"post-7695","1":"product","2":"type-product","3":"status-publish","4":"has-post-thumbnail","6":"product_cat-tables-sur-mesure","7":"product_shipping_class-tables","9":"first","10":"instock","11":"taxable","12":"shipping-taxable","13":"purchasable","14":"product-type-simple"},"_links":{"self":[{"href":"https:\/\/www.am-creation.com\/fr\/wp-json\/wp\/v2\/product\/7695","targetHints":{"allow":["GET"]}}],"collection":[{"href":"https:\/\/www.am-creation.com\/fr\/wp-json\/wp\/v2\/product"}],"about":[{"href":"https:\/\/www.am-creation.com\/fr\/wp-json\/wp\/v2\/types\/product"}],"wp:featuredmedia":[{"embeddable":true,"href":"https:\/\/www.am-creation.com\/fr\/wp-json\/wp\/v2\/media\/8033"}],"wp:attachment":[{"href":"https:\/\/www.am-creation.com\/fr\/wp-json\/wp\/v2\/media?parent=7695"}],"wp:term":[{"taxonomy":"product_brand","embeddable":true,"href":"https:\/\/www.am-creation.com\/fr\/wp-json\/wp\/v2\/product_brand?post=7695"},{"taxonomy":"product_cat","embeddable":true,"href":"https:\/\/www.am-creation.com\/fr\/wp-json\/wp\/v2\/product_cat?post=7695"},{"taxonomy":"product_tag","embeddable":true,"href":"https:\/\/www.am-creation.com\/fr\/wp-json\/wp\/v2\/product_tag?post=7695"}],"curies":[{"name":"wp","href":"https:\/\/api.w.org\/{rel}","templated":true}]}}