{"id":7701,"date":"2025-04-26T19:34:39","date_gmt":"2025-04-26T17:34:39","guid":{"rendered":"https:\/\/www.am-creation.com\/?post_type=product&#038;p=7701"},"modified":"2025-07-03T13:36:01","modified_gmt":"2025-07-03T11:36:01","slug":"table-oviforme-sur-mesure","status":"publish","type":"product","link":"https:\/\/www.am-creation.com\/fr\/produit\/table-oviforme-sur-mesure\/","title":{"rendered":"Table Oviforme"},"content":{"rendered":"<p class=\"\" data-start=\"316\" data-end=\"504\">Nos plateaux oviformes et organiques sont fa\u00e7onn\u00e9s en MDF premium, recouverts d\u2019un rev\u00eatement 100 % naturel en argile et quartz s\u00e9dimentaire, pour un rendu authentique, raffin\u00e9 et durable.<\/p>\n<p class=\"\" data-start=\"509\" data-end=\"712\">Disponibles dans un large \u00e9ventail de tailles \u2013 de 60 x 70 cm \u00e0 115 x 135 cm \u2013 et propos\u00e9s en deux \u00e9paisseurs (22 mm ou 44 mm), ils s\u2019adaptent \u00e0 tous vos projets, du mobilier l\u00e9ger aux pi\u00e8ces ma\u00eetresses.<\/p>\n<p class=\"\" data-start=\"717\" data-end=\"921\">Enti\u00e8rement personnalisables, nos tables oviformes vous permettent de choisir chaque d\u00e9tail : dimensions, coloris, type de bord et style de pieds, pour cr\u00e9er une table v\u00e9ritablement unique et harmonieuse.<\/p>\n","protected":false},"excerpt":{"rendered":"<p>Plateau en argile et quartz naturel. Composez votre table oviforme personnalis\u00e9e en s\u00e9lectionnant vos dimensions, finitions et pieds.<\/p>\n","protected":false},"featured_media":8039,"template":"","meta":[],"product_brand":[],"product_cat":[89],"product_tag":[],"class_list":{"0":"post-7701","1":"product","2":"type-product","3":"status-publish","4":"has-post-thumbnail","6":"product_cat-tables-sur-mesure","7":"product_shipping_class-tables","9":"first","10":"instock","11":"taxable","12":"shipping-taxable","13":"purchasable","14":"product-type-simple"},"_links":{"self":[{"href":"https:\/\/www.am-creation.com\/fr\/wp-json\/wp\/v2\/product\/7701","targetHints":{"allow":["GET"]}}],"collection":[{"href":"https:\/\/www.am-creation.com\/fr\/wp-json\/wp\/v2\/product"}],"about":[{"href":"https:\/\/www.am-creation.com\/fr\/wp-json\/wp\/v2\/types\/product"}],"wp:featuredmedia":[{"embeddable":true,"href":"https:\/\/www.am-creation.com\/fr\/wp-json\/wp\/v2\/media\/8039"}],"wp:attachment":[{"href":"https:\/\/www.am-creation.com\/fr\/wp-json\/wp\/v2\/media?parent=7701"}],"wp:term":[{"taxonomy":"product_brand","embeddable":true,"href":"https:\/\/www.am-creation.com\/fr\/wp-json\/wp\/v2\/product_brand?post=7701"},{"taxonomy":"product_cat","embeddable":true,"href":"https:\/\/www.am-creation.com\/fr\/wp-json\/wp\/v2\/product_cat?post=7701"},{"taxonomy":"product_tag","embeddable":true,"href":"https:\/\/www.am-creation.com\/fr\/wp-json\/wp\/v2\/product_tag?post=7701"}],"curies":[{"name":"wp","href":"https:\/\/api.w.org\/{rel}","templated":true}]}}