{"id":8880,"date":"2025-06-30T19:43:55","date_gmt":"2025-06-30T17:43:55","guid":{"rendered":"https:\/\/www.am-creation.com\/?post_type=product&#038;p=8880"},"modified":"2025-07-17T12:36:35","modified_gmt":"2025-07-17T10:36:35","slug":"pieds-de-table-sans-plateau","status":"publish","type":"product","link":"https:\/\/www.am-creation.com\/fr\/produit\/pieds-de-table-sans-plateau\/","title":{"rendered":"Pieds de table"},"content":{"rendered":"<p data-start=\"478\" data-end=\"831\">Ajoutez une touche de design unique \u00e0 vos cr\u00e9ations avec notre pi\u00e8tement de table vendu s\u00e9par\u00e9ment. Con\u00e7us pour s\u2019adapter \u00e0 tous types d\u2019int\u00e9rieurs, nos pieds de table offrent stabilit\u00e9, durabilit\u00e9 et style.<br data-start=\"685\" data-end=\"688\" \/>Fabriqu\u00e9s avec soin dans nos ateliers, ils sont compatibles avec une large gamme de plateaux pour vous permettre une personnalisation totale.<\/p>\n<p data-start=\"833\" data-end=\"916\"><strong data-start=\"833\" data-end=\"916\">Ce produit comprend uniquement les pieds de table. Le plateau n\u2019est pas inclus.<\/strong><\/p>\n","protected":false},"excerpt":{"rendered":"<p>Structure de table vendue sans plateau, id\u00e9ale pour vos projets sur mesure.<\/p>\n","protected":false},"featured_media":8882,"template":"","meta":[],"product_brand":[],"product_cat":[116,89],"product_tag":[],"class_list":{"0":"post-8880","1":"product","2":"type-product","3":"status-publish","4":"has-post-thumbnail","6":"product_cat-pieds-de-table","7":"product_cat-tables-sur-mesure","8":"product_shipping_class-tables","10":"first","11":"instock","12":"taxable","13":"shipping-taxable","14":"purchasable","15":"product-type-simple"},"_links":{"self":[{"href":"https:\/\/www.am-creation.com\/fr\/wp-json\/wp\/v2\/product\/8880","targetHints":{"allow":["GET"]}}],"collection":[{"href":"https:\/\/www.am-creation.com\/fr\/wp-json\/wp\/v2\/product"}],"about":[{"href":"https:\/\/www.am-creation.com\/fr\/wp-json\/wp\/v2\/types\/product"}],"wp:featuredmedia":[{"embeddable":true,"href":"https:\/\/www.am-creation.com\/fr\/wp-json\/wp\/v2\/media\/8882"}],"wp:attachment":[{"href":"https:\/\/www.am-creation.com\/fr\/wp-json\/wp\/v2\/media?parent=8880"}],"wp:term":[{"taxonomy":"product_brand","embeddable":true,"href":"https:\/\/www.am-creation.com\/fr\/wp-json\/wp\/v2\/product_brand?post=8880"},{"taxonomy":"product_cat","embeddable":true,"href":"https:\/\/www.am-creation.com\/fr\/wp-json\/wp\/v2\/product_cat?post=8880"},{"taxonomy":"product_tag","embeddable":true,"href":"https:\/\/www.am-creation.com\/fr\/wp-json\/wp\/v2\/product_tag?post=8880"}],"curies":[{"name":"wp","href":"https:\/\/api.w.org\/{rel}","templated":true}]}}